{"id":125,"date":"2020-11-11T15:36:02","date_gmt":"2020-11-11T14:36:02","guid":{"rendered":"http:\/\/deshumidifications.com\/?page_id=125"},"modified":"2021-07-06T17:09:51","modified_gmt":"2021-07-06T15:09:51","slug":"accessoires","status":"publish","type":"page","link":"https:\/\/deshumidifications.com\/index.php\/accessoires\/","title":{"rendered":"Climatisation"},"content":{"rendered":"<p>[et_pb_section fb_built=\u00a0\u00bb1&Prime; _builder_version=\u00a0\u00bb3.29.3&Prime; fb_built=\u00a0\u00bb1&Prime; _i=\u00a0\u00bb0&Prime; _address=\u00a0\u00bb0&Prime;][et_pb_row _builder_version=\u00a0\u00bb3.29.3&Prime; custom_padding=\u00a0\u00bb||10px|||\u00a0\u00bb _i=\u00a0\u00bb0&Prime; _address=\u00a0\u00bb0.0&Prime;][et_pb_column type=\u00a0\u00bb4_4&Prime; _builder_version=\u00a0\u00bb3.29.3&Prime; _i=\u00a0\u00bb0&Prime; _address=\u00a0\u00bb0.0.0&Prime;][et_pb_text _builder_version=\u00a0\u00bb3.29.3&Prime; custom_margin=\u00a0\u00bb-144px|||||\u00a0\u00bb custom_padding=\u00a0\u00bb0px|||||\u00a0\u00bb _i=\u00a0\u00bb0&Prime; _address=\u00a0\u00bb0.0.0.0&Prime;]<\/p>\n<h3 style=\"text-align: justify;\"><span style=\"color: #0c71c3;\"><strong>Nos solutions de climatisation r\u00e9versible (PAC air-air)<\/strong><\/span><\/h3>\n<p style=\"text-align: justify;\">FRANCE DESHUMIDIFICATION vous propose de nombreuses solutions de climatisation r\u00e9versible dans les d\u00e9partements d\u2019 IDF. Que vous souhaitiez \u00e9quiper votre logement ou votre local professionnel, notre \u00e9quipe d\u2019experts en climatisation vous guident dans le choix d\u2019une solution alliant confort et ma\u00eetrise de vos consommations \u00e9nerg\u00e9tiques.<\/p>\n<p style=\"text-align: justify;\">Les climatiseurs r\u00e9versibles, \u00e9galement appel\u00e9s \u00ab\u00a0pompes \u00e0 chaleur air-air\u00a0\u00bb se servent des calories pr\u00e9sentent dans l\u2019air pour les resituer sous forme de chaleur ou de fra\u00eecheur au travers d\u2019un circuit frigorifique. Ce mode de fonctionnement fait de la climatisation r\u00e9versible une solution \u00e9conomique \u00e0 l\u2019usage qui restitue plus d\u2019\u00e9nergie que ce qu\u2019elle n\u2019en consomme. Offrant une grande flexibilit\u00e9 d\u2019installation, la climatisation r\u00e9versible s\u2019adapte aussi bien en r\u00e9novation que sur des constructions neuves.<\/p>\n<p><strong><span style=\"color: #0c71c3;\">Les solutions de climatisation que nous proposons se divisent en 3 cat\u00e9gories :<\/span><\/strong><\/p>\n<p>[\/et_pb_text][\/et_pb_column][\/et_pb_row][et_pb_row column_structure=\u00a0\u00bb1_3,1_3,1_3&Prime; _builder_version=\u00a0\u00bb3.29.3&Prime; custom_padding=\u00a0\u00bb15px||33px|||\u00a0\u00bb _i=\u00a0\u00bb1&Prime; _address=\u00a0\u00bb0.1&Prime;][et_pb_column type=\u00a0\u00bb1_3&Prime; _builder_version=\u00a0\u00bb3.29.3&Prime; _i=\u00a0\u00bb0&Prime; _address=\u00a0\u00bb0.1.0&Prime;][et_pb_text _builder_version=\u00a0\u00bb3.29.3&Prime; _i=\u00a0\u00bb0&Prime; _address=\u00a0\u00bb0.1.0.0&Prime;]<\/p>\n<p style=\"text-align: center;\"><strong><span style=\"color: #0c71c3;\">LES CLIMATISEURS MONO-SPLIT<\/span><\/strong><\/p>\n<p>[\/et_pb_text][et_pb_divider _builder_version=\u00a0\u00bb3.29.3&Prime; _i=\u00a0\u00bb1&Prime; _address=\u00a0\u00bb0.1.0.1&Prime;][\/et_pb_divider][et_pb_image src=\u00a0\u00bbhttps:\/\/deshumidifications.com\/wp-content\/uploads\/2020\/11\/les-climatiseurs-mono-split.jpg\u00a0\u00bb _builder_version=\u00a0\u00bb3.29.3&Prime; _i=\u00a0\u00bb2&Prime; _address=\u00a0\u00bb0.1.0.2&Prime;][\/et_pb_image][et_pb_text _builder_version=\u00a0\u00bb3.29.3&Prime; hover_enabled=\u00a0\u00bb0&Prime; _i=\u00a0\u00bb3&Prime; _address=\u00a0\u00bb0.1.0.3&Prime;]<\/p>\n<p style=\"text-align: justify;\"><span>Les climatiseurs Monosplit se composent d\u2019un groupe ext\u00e9rieur reli\u00e9 \u00e0 une seule unit\u00e9 int\u00e9rieure de type murale ou console. Cette solution est id\u00e9ale pour \u00e9quiper une seule pi\u00e8ce, ou plusieurs pi\u00e8ces tr\u00e8s \u00e9loign\u00e9es les unes des autres.<\/span><\/p>\n<p>[\/et_pb_text][\/et_pb_column][et_pb_column type=\u00a0\u00bb1_3&Prime; _builder_version=\u00a0\u00bb3.29.3&Prime; _i=\u00a0\u00bb1&Prime; _address=\u00a0\u00bb0.1.1&Prime;][et_pb_text _builder_version=\u00a0\u00bb3.29.3&Prime; _i=\u00a0\u00bb0&Prime; _address=\u00a0\u00bb0.1.1.0&Prime;]<\/p>\n<p style=\"text-align: center;\"><strong><span style=\"color: #0c71c3;\">LES CLIMATISEURS MULTI-SPLIT<\/span><\/strong><\/p>\n<p>[\/et_pb_text][et_pb_divider _builder_version=\u00a0\u00bb3.29.3&Prime; _i=\u00a0\u00bb1&Prime; _address=\u00a0\u00bb0.1.1.1&Prime;][\/et_pb_divider][et_pb_image src=\u00a0\u00bbhttps:\/\/deshumidifications.com\/wp-content\/uploads\/2020\/11\/les-climatiseurs-multi-split.jpg\u00a0\u00bb _builder_version=\u00a0\u00bb3.29.3&Prime; _i=\u00a0\u00bb2&Prime; _address=\u00a0\u00bb0.1.1.2&Prime;][\/et_pb_image][et_pb_text _builder_version=\u00a0\u00bb3.29.3&Prime; _i=\u00a0\u00bb3&Prime; _address=\u00a0\u00bb0.1.1.3&Prime;]<\/p>\n<p style=\"text-align: justify;\"><span>Si vous souhaitez \u00e9quiper plusieurs pi\u00e8ces, la climatisation Multisplit est la solution id\u00e9ale. Offrant un large choix de combinaisons, elle permet de connecter jusqu\u2019\u00e0 5 unit\u00e9s int\u00e9rieures sur un seul groupe ext\u00e9rieur.<\/span><\/p>\n<p>[\/et_pb_text][\/et_pb_column][et_pb_column type=\u00a0\u00bb1_3&Prime; _builder_version=\u00a0\u00bb3.29.3&Prime; _i=\u00a0\u00bb2&Prime; _address=\u00a0\u00bb0.1.2&Prime;][et_pb_text _builder_version=\u00a0\u00bb3.29.3&Prime; _i=\u00a0\u00bb0&Prime; _address=\u00a0\u00bb0.1.2.0&Prime;]<\/p>\n<p style=\"text-align: center;\"><span style=\"color: #0c71c3;\"><strong>LES CLIMATISEURS GAINABLE<\/strong><\/span><\/p>\n<p>[\/et_pb_text][et_pb_divider _builder_version=\u00a0\u00bb3.29.3&Prime; _i=\u00a0\u00bb1&Prime; _address=\u00a0\u00bb0.1.2.1&Prime;][\/et_pb_divider][et_pb_image src=\u00a0\u00bbhttps:\/\/deshumidifications.com\/wp-content\/uploads\/2020\/11\/les-climatiseurs-gainable.jpg\u00a0\u00bb _builder_version=\u00a0\u00bb3.29.3&Prime; _i=\u00a0\u00bb2&Prime; _address=\u00a0\u00bb0.1.2.2&Prime;][\/et_pb_image][et_pb_text _builder_version=\u00a0\u00bb3.29.3&Prime; _i=\u00a0\u00bb3&Prime; _address=\u00a0\u00bb0.1.2.3&Prime;]<\/p>\n<p style=\"text-align: justify;\"><span>Le gainable est la solution de climatisation totalement invisible. Un r\u00e9seau de gaines distribue l\u2019air dans chaque pi\u00e8ce. Cette solution convient \u00e0 des habitations ou \u00e0 des locaux disposant de combles ou de faux-plafonds.<\/span><\/p>\n<p>[\/et_pb_text][\/et_pb_column][\/et_pb_row][et_pb_row _builder_version=\u00a0\u00bb3.29.3&Prime; custom_padding=\u00a0\u00bb0px||23px|||\u00a0\u00bb _i=\u00a0\u00bb2&Prime; _address=\u00a0\u00bb0.2&Prime;][et_pb_column type=\u00a0\u00bb4_4&Prime; _builder_version=\u00a0\u00bb3.29.3&Prime; _i=\u00a0\u00bb0&Prime; _address=\u00a0\u00bb0.2.0&Prime;][et_pb_text _builder_version=\u00a0\u00bb3.29.3&Prime; _i=\u00a0\u00bb0&Prime; _address=\u00a0\u00bb0.2.0.0&Prime;]<\/p>\n<p style=\"text-align: justify;\"><strong><span style=\"color: #0c71c3;\">NOS SERVICES<\/span><\/strong><\/p>\n<p style=\"text-align: justify;\">France D\u00e9shumidification vous propose, sur devis, l\u2019installation et la mise en service de climatiseur FanWorld Serie FW10 parmi les mod\u00e8les 3000, 4500 et 6000 (caract\u00e9ristiques \u00e0 retrouver dans la partie Produits*). En outre, nous vous proposons \u00e9galement une gamme de climatiseurs amovibles de la marque et du mod\u00e8le de votre choix, vous b\u00e9n\u00e9ficierez, tout le long de votre exp\u00e9rience client, des conseils et de l\u2019expertise de nos professionnels du secteur, pour vous aider \u00e0 faire le choix qui correspond \u00e0 vos attentes !<\/p>\n<p>[\/et_pb_text][\/et_pb_column][\/et_pb_row][et_pb_row column_structure=\u00a0\u00bb1_3,1_3,1_3&Prime; _builder_version=\u00a0\u00bb3.29.3&Prime; custom_padding=\u00a0\u00bb5px||33px|||\u00a0\u00bb _i=\u00a0\u00bb3&Prime; _address=\u00a0\u00bb0.3&Prime;][et_pb_column type=\u00a0\u00bb1_3&Prime; _builder_version=\u00a0\u00bb3.29.3&Prime; _i=\u00a0\u00bb0&Prime; _address=\u00a0\u00bb0.3.0&Prime;][et_pb_text _builder_version=\u00a0\u00bb3.29.3&Prime; text_text_color=\u00a0\u00bb#0c71c3&Prime; text_orientation=\u00a0\u00bbcenter\u00a0\u00bb _i=\u00a0\u00bb0&Prime; _address=\u00a0\u00bb0.3.0.0&Prime;]VENTE[\/et_pb_text][et_pb_divider _builder_version=\u00a0\u00bb3.29.3&Prime; _i=\u00a0\u00bb1&Prime; _address=\u00a0\u00bb0.3.0.1&Prime;][\/et_pb_divider][et_pb_image src=\u00a0\u00bbhttps:\/\/deshumidifications.com\/wp-content\/uploads\/2020\/11\/Photo-vente1-1.jpg\u00a0\u00bb _builder_version=\u00a0\u00bb3.29.3&Prime; _i=\u00a0\u00bb2&Prime; _address=\u00a0\u00bb0.3.0.2&Prime;][\/et_pb_image][et_pb_text _builder_version=\u00a0\u00bb3.29.3&Prime; text_orientation=\u00a0\u00bbjustified\u00a0\u00bb _i=\u00a0\u00bb3&Prime; _address=\u00a0\u00bb0.3.0.3&Prime;]France D\u00e9shumidification vous propose parmi trois climatiseurs muraux r\u00e9versibles ultra-modernes de la marque FanWorld, \u00e0 savoir les mod\u00e8les FW10-3000, FW10-4500 et FW10-6000. Toutes les caract\u00e9ristiques sont \u00e0 retrouver sur notre page Climatisation*. Vous b\u00e9n\u00e9ficierez, sans frais suppl\u00e9mentaires, des conseils de nos experts pour vous aider \u00e0 faire le choix qui vous convient, et qui convient \u00e0 votre habitation.[\/et_pb_text][\/et_pb_column][et_pb_column type=\u00a0\u00bb1_3&Prime; _builder_version=\u00a0\u00bb3.29.3&Prime; _i=\u00a0\u00bb1&Prime; _address=\u00a0\u00bb0.3.1&Prime;][et_pb_text _builder_version=\u00a0\u00bb3.29.3&Prime; text_text_color=\u00a0\u00bb#0c71c3&Prime; text_orientation=\u00a0\u00bbcenter\u00a0\u00bb _i=\u00a0\u00bb0&Prime; _address=\u00a0\u00bb0.3.1.0&Prime;]INSTALLATION[\/et_pb_text][et_pb_divider _builder_version=\u00a0\u00bb3.29.3&Prime; _i=\u00a0\u00bb1&Prime; _address=\u00a0\u00bb0.3.1.1&Prime;][\/et_pb_divider][et_pb_image src=\u00a0\u00bbhttps:\/\/deshumidifications.com\/wp-content\/uploads\/2020\/11\/photo-installation.jpg\u00a0\u00bb _builder_version=\u00a0\u00bb3.29.3&Prime; _i=\u00a0\u00bb2&Prime; _address=\u00a0\u00bb0.3.1.2&Prime;][\/et_pb_image][et_pb_text _builder_version=\u00a0\u00bb3.29.3&Prime; text_orientation=\u00a0\u00bbjustified\u00a0\u00bb _i=\u00a0\u00bb3&Prime; _address=\u00a0\u00bb0.3.1.3&Prime;]France D\u00e9shumidification vous fournit et installe le climatiseur choisi en prenant compte de toutes les caract\u00e9ristiques de votre habitation pour vous proposer l\u2019installation la plus propre et la plus durable possible, tout en restant \u00e0 l\u2019\u00e9coute de vos \u00e9ventuelles pr\u00e9f\u00e9rences. Cela s\u2019accompagne de la mise-en-service, qui doit \u00eatre obligatoirement effectu\u00e9 par un professionnel du froid.[\/et_pb_text][\/et_pb_column][et_pb_column type=\u00a0\u00bb1_3&Prime; _builder_version=\u00a0\u00bb3.29.3&Prime; _i=\u00a0\u00bb2&Prime; _address=\u00a0\u00bb0.3.2&Prime;][et_pb_text _builder_version=\u00a0\u00bb3.29.3&Prime; text_text_color=\u00a0\u00bb#0c71c3&Prime; text_orientation=\u00a0\u00bbcenter\u00a0\u00bb _i=\u00a0\u00bb0&Prime; _address=\u00a0\u00bb0.3.2.0&Prime;]MAINTENANCE[\/et_pb_text][et_pb_divider _builder_version=\u00a0\u00bb3.29.3&Prime; _i=\u00a0\u00bb1&Prime; _address=\u00a0\u00bb0.3.2.1&Prime;][\/et_pb_divider][et_pb_image src=\u00a0\u00bbhttps:\/\/deshumidifications.com\/wp-content\/uploads\/2020\/11\/photo-maintenance2.jpg\u00a0\u00bb _builder_version=\u00a0\u00bb3.29.3&Prime; _i=\u00a0\u00bb2&Prime; _address=\u00a0\u00bb0.3.2.2&Prime;][\/et_pb_image][et_pb_text _builder_version=\u00a0\u00bb3.29.3&Prime; text_orientation=\u00a0\u00bbjustified\u00a0\u00bb _i=\u00a0\u00bb3&Prime; _address=\u00a0\u00bb0.3.2.3&Prime;]La maintenance d\u2019un syst\u00e8me climatique n\u00e9cessite la manipulation de liquides frigorig\u00e8nes dangereux et doit donc imp\u00e9rativement se faire par un professionnel agr\u00e9e. Tous nos intervenants sont qualifi\u00e9s et certifi\u00e9s aptes \u00e0 effectuer ces interventions, pour vous \u00e9viter tous dysfonctionnements pr\u00e9matur\u00e9s.[\/et_pb_text][\/et_pb_column][\/et_pb_row][et_pb_row _builder_version=\u00a0\u00bb3.29.3&Prime; custom_padding=\u00a0\u00bb7px||3px|||\u00a0\u00bb _i=\u00a0\u00bb4&Prime; _address=\u00a0\u00bb0.4&Prime;][et_pb_column type=\u00a0\u00bb4_4&Prime; _builder_version=\u00a0\u00bb3.29.3&Prime; _i=\u00a0\u00bb0&Prime; _address=\u00a0\u00bb0.4.0&Prime;][et_pb_text _builder_version=\u00a0\u00bb3.29.3&Prime; text_orientation=\u00a0\u00bbjustified\u00a0\u00bb _i=\u00a0\u00bb0&Prime; _address=\u00a0\u00bb0.4.0.0&Prime;]<span style=\"color: #0c71c3;\"><strong>Nos qualifications<br \/>\n<\/strong><\/span><br \/>\nFrance D\u00e9shumidification, une entreprise qualifi\u00e9e au service de ses clients<\/p>\n<p>Notre entreprise dispose des qualifications et des assurances n\u00e9cessaires \u00e0 la pratique du m\u00e9tier d\u2019installateur et d\u00e9panneur de syst\u00e8mes de climatisation et de pompe \u00e0 chaleur : attestation de capacit\u00e9 de cat\u00e9gorie 1 pour la manipulation des fluides frigorig\u00e8nes, assurance d\u00e9cennale et responsabilit\u00e9 civile. Nous mettons \u00e0 votre disposition la copie de toutes attestations de qualifications et assurances en t\u00e9l\u00e9chargement sur cette page.[\/et_pb_text][et_pb_divider _builder_version=\u00a0\u00bb3.29.3&Prime; custom_margin=\u00a0\u00bb-30px|||||\u00a0\u00bb _i=\u00a0\u00bb1&Prime; _address=\u00a0\u00bb0.4.0.1&Prime;][\/et_pb_divider][\/et_pb_column][\/et_pb_row][et_pb_row column_structure=\u00a0\u00bb1_2,1_2&Prime; _builder_version=\u00a0\u00bb3.29.3&Prime; custom_padding=\u00a0\u00bb22px|||||\u00a0\u00bb _i=\u00a0\u00bb5&Prime; _address=\u00a0\u00bb0.5&Prime;][et_pb_column type=\u00a0\u00bb1_2&Prime; _builder_version=\u00a0\u00bb3.29.3&Prime; _i=\u00a0\u00bb0&Prime; _address=\u00a0\u00bb0.5.0&Prime;][et_pb_image src=\u00a0\u00bbhttps:\/\/deshumidifications.com\/wp-content\/uploads\/2020\/11\/logo-fluides.jpg\u00a0\u00bb _builder_version=\u00a0\u00bb3.29.3&Prime; _i=\u00a0\u00bb0&Prime; _address=\u00a0\u00bb0.5.0.0&Prime;][\/et_pb_image][\/et_pb_column][et_pb_column type=\u00a0\u00bb1_2&Prime; _builder_version=\u00a0\u00bb3.29.3&Prime; _i=\u00a0\u00bb1&Prime; _address=\u00a0\u00bb0.5.1&Prime;][et_pb_text _builder_version=\u00a0\u00bb3.29.3&Prime; text_orientation=\u00a0\u00bbjustified\u00a0\u00bb _i=\u00a0\u00bb0&Prime; _address=\u00a0\u00bb0.5.1.0&Prime;]Manipulation Fluide Frigorig\u00e8ne<br \/>\nContexte r\u00e9glementaire fran\u00e7ais qui encadre les interventions sur les \u00e9quipements frigorifiques et climatiques est en place depuis le 1er janvier 2009. Codifi\u00e9 aux articles R543-75 \u00e0 R543-123 du code de l\u2019environnement, il remplace le dispositif d\u2019inscription en Pr\u00e9fecture par une attestation de capacit\u00e9 d\u00e9livr\u00e9e par des organismes agr\u00e9\u00e9s.<\/p>\n<p>France D\u00e9shumidification est certifi\u00e9e conform\u00e9ment \u00e0 la r\u00e9glementation du 4 juillet 2009 et leurs collaborateurs disposent d\u2019une attestation sont certifi\u00e9es pour la manipulation des fluides frigorig\u00e8nes.[\/et_pb_text][\/et_pb_column][\/et_pb_row][et_pb_row _builder_version=\u00a0\u00bb3.29.3&Prime; min_height=\u00a0\u00bb128px\u00a0\u00bb custom_padding=\u00a0\u00bb99px||13px|||\u00a0\u00bb _i=\u00a0\u00bb6&Prime; _address=\u00a0\u00bb0.6&Prime;][et_pb_column type=\u00a0\u00bb4_4&Prime; _builder_version=\u00a0\u00bb3.29.3&Prime; _i=\u00a0\u00bb0&Prime; _address=\u00a0\u00bb0.6.0&Prime;][et_pb_text _builder_version=\u00a0\u00bb3.29.3&Prime; text_orientation=\u00a0\u00bbjustified\u00a0\u00bb custom_margin=\u00a0\u00bb-87px|||||\u00a0\u00bb _i=\u00a0\u00bb0&Prime; _address=\u00a0\u00bb0.6.0.0&Prime;]Notre attestation d\u2019assurance d\u00e9cennale et responsabilit\u00e9 civile. Cette assurance institue une responsabilit\u00e9 de plein droit de l\u2019installateur envers l\u2019acqu\u00e9reur de l\u2019ouvrage pour tous les dommages de nature d\u00e9cennale qui apparaissent apr\u00e8s r\u00e9ception de l\u2019ouvrage pendant un d\u00e9lai de 10 ans.<\/p>\n<p>L\u2019installateur doit \u00eatre obligatoirement \u00eatre couvert par une police de responsabilit\u00e9 civile d\u00e9cennale, au moment de l\u2019ouverture du chantier. L\u2019assurance obligatoire s\u2019applique pour les travaux ex\u00e9cut\u00e9s en France.[\/et_pb_text][\/et_pb_column][\/et_pb_row][\/et_pb_section]<\/p>\n","protected":false},"excerpt":{"rendered":"<p>[et_pb_section fb_built=\u00a0\u00bb1&Prime; _builder_version=\u00a0\u00bb3.29.3&Prime; fb_built=\u00a0\u00bb1&Prime; _i=\u00a0\u00bb0&Prime; _address=\u00a0\u00bb0&Prime;][et_pb_row _builder_version=\u00a0\u00bb3.29.3&Prime; custom_padding=\u00a0\u00bb||10px|||\u00a0\u00bb _i=\u00a0\u00bb0&Prime; _address=\u00a0\u00bb0.0&Prime;][et_pb_column type=\u00a0\u00bb4_4&Prime; _builder_version=\u00a0\u00bb3.29.3&Prime; _i=\u00a0\u00bb0&Prime; _address=\u00a0\u00bb0.0.0&Prime;][et_pb_text _builder_version=\u00a0\u00bb3.29.3&Prime; custom_margin=\u00a0\u00bb-144px|||||\u00a0\u00bb custom_padding=\u00a0\u00bb0px|||||\u00a0\u00bb _i=\u00a0\u00bb0&Prime; _address=\u00a0\u00bb0.0.0.0&Prime;] Nos solutions de climatisation r\u00e9versible (PAC air-air) FRANCE DESHUMIDIFICATION vous propose de nombreuses solutions de climatisation r\u00e9versible dans les d\u00e9partements d\u2019 IDF. Que vous souhaitiez \u00e9quiper votre logement ou votre local professionnel, notre \u00e9quipe d\u2019experts en [&hellip;]<\/p>\n","protected":false},"author":1,"featured_media":0,"parent":0,"menu_order":0,"comment_status":"closed","ping_status":"closed","template":"","meta":{"_et_pb_use_builder":"on","_et_pb_old_content":"","footnotes":""},"_links":{"self":[{"href":"https:\/\/deshumidifications.com\/index.php\/wp-json\/wp\/v2\/pages\/125"}],"collection":[{"href":"https:\/\/deshumidifications.com\/index.php\/wp-json\/wp\/v2\/pages"}],"about":[{"href":"https:\/\/deshumidifications.com\/index.php\/wp-json\/wp\/v2\/types\/page"}],"author":[{"embeddable":true,"href":"https:\/\/deshumidifications.com\/index.php\/wp-json\/wp\/v2\/users\/1"}],"replies":[{"embeddable":true,"href":"https:\/\/deshumidifications.com\/index.php\/wp-json\/wp\/v2\/comments?post=125"}],"version-history":[{"count":12,"href":"https:\/\/deshumidifications.com\/index.php\/wp-json\/wp\/v2\/pages\/125\/revisions"}],"predecessor-version":[{"id":1618,"href":"https:\/\/deshumidifications.com\/index.php\/wp-json\/wp\/v2\/pages\/125\/revisions\/1618"}],"wp:attachment":[{"href":"https:\/\/deshumidifications.com\/index.php\/wp-json\/wp\/v2\/media?parent=125"}],"curies":[{"name":"wp","href":"https:\/\/api.w.org\/{rel}","templated":true}]}}