{"id":1274,"date":"2021-01-20T12:38:30","date_gmt":"2021-01-20T11:38:30","guid":{"rendered":"http:\/\/deshumidifications.com\/?page_id=1274"},"modified":"2022-04-16T20:29:01","modified_gmt":"2022-04-16T18:29:01","slug":"sechage-agricole","status":"publish","type":"page","link":"https:\/\/deshumidifications.com\/index.php\/sechage-agricole\/","title":{"rendered":"S\u00e9chage agricole"},"content":{"rendered":"<p>[et_pb_section fb_built=\u00a0\u00bb1&Prime; _builder_version=\u00a0\u00bb3.29.3&Prime; background_image=\u00a0\u00bbhttps:\/\/deshumidifications.com\/wp-content\/uploads\/2021\/02\/CEREAL-1.jpg\u00a0\u00bb hover_enabled=\u00a0\u00bb0&Prime;][et_pb_row _builder_version=\u00a0\u00bb3.29.3&Prime;][et_pb_column _builder_version=\u00a0\u00bb3.29.3&Prime; type=\u00a0\u00bb4_4&Prime;][et_pb_text _builder_version=\u00a0\u00bb3.29.3&Prime; hover_enabled=\u00a0\u00bb0&Prime;]<\/p>\n<h2><span style=\"color: #ffffff;\"><strong>CONSERVATION NATURELLE DES GRAINS CEREALIERS PAR TOUT LES CONDITIONS CLIMATIQUES<\/strong><\/span><\/h2>\n<p>[\/et_pb_text][\/et_pb_column][\/et_pb_row][\/et_pb_section][et_pb_section fb_built=\u00a0\u00bb1&Prime; _builder_version=\u00a0\u00bb3.29.3&Prime;][et_pb_row _builder_version=\u00a0\u00bb3.29.3&Prime; column_structure=\u00a0\u00bb1_2,1_2&Prime;][et_pb_column _builder_version=\u00a0\u00bb3.29.3&Prime; type=\u00a0\u00bb1_2&Prime;][et_pb_image src=\u00a0\u00bbhttps:\/\/deshumidifications.com\/wp-content\/uploads\/2020\/11\/cereal.jpg\u00a0\u00bb _builder_version=\u00a0\u00bb3.29.3&Prime; hover_enabled=\u00a0\u00bb0&Prime;][\/et_pb_image][\/et_pb_column][et_pb_column _builder_version=\u00a0\u00bb3.29.3&Prime; type=\u00a0\u00bb1_2&Prime;][et_pb_image src=\u00a0\u00bbhttps:\/\/deshumidifications.com\/wp-content\/uploads\/2020\/11\/SAISON.jpg\u00a0\u00bb _builder_version=\u00a0\u00bb3.29.3&Prime; hover_enabled=\u00a0\u00bb0&Prime;][\/et_pb_image][\/et_pb_column][\/et_pb_row][et_pb_row _builder_version=\u00a0\u00bb3.29.3&Prime; column_structure=\u00a0\u00bb1_3,1_3,1_3&Prime;][et_pb_column _builder_version=\u00a0\u00bb3.29.3&Prime; type=\u00a0\u00bb1_3&Prime;][et_pb_image src=\u00a0\u00bbhttps:\/\/deshumidifications.com\/wp-content\/uploads\/2020\/11\/FD20.000INOX-SUR-REMORQUE.jpg\u00a0\u00bb _builder_version=\u00a0\u00bb3.29.3&Prime; hover_enabled=\u00a0\u00bb0&Prime;][\/et_pb_image][\/et_pb_column][et_pb_column _builder_version=\u00a0\u00bb3.29.3&Prime; type=\u00a0\u00bb1_3&Prime;][et_pb_text _builder_version=\u00a0\u00bb3.29.3&Prime; hover_enabled=\u00a0\u00bb0&Prime;]<\/p>\n<div class=\"et_pb_module et_pb_text et_pb_text_1 et_pb_bg_layout_light  et_pb_text_align_left\">\n<div class=\"et_pb_text_inner\">\n<p style=\"text-align: center;\"><strong>FD 20000<\/strong><br \/><strong>DESHUMIDIFICATION ET REFROIDISSEMENT DES GRAINS<\/strong><\/p>\n<\/div>\n<\/div>\n<div class=\"et_pb_module et_pb_text et_pb_text_2 et_pb_bg_layout_light  et_pb_text_align_left\">\n<div class=\"et_pb_text_inner\">\n<p style=\"text-align: justify;\">Le control de temperature avec refroidissement doit d\u00e9marrer des la mise en estockage de la recolte pour r\u00e9duire inmediatement l\u2019activit\u00e9 respiratoire des graines et matriser le risque de developpement de moisissures, les mico toxines et les infestation d\u2019insectes.<\/p>\n<\/div>\n<\/div>\n<p>[\/et_pb_text][\/et_pb_column][et_pb_column _builder_version=\u00a0\u00bb3.29.3&Prime; type=\u00a0\u00bb1_3&Prime;][et_pb_image src=\u00a0\u00bbhttps:\/\/deshumidifications.com\/wp-content\/uploads\/2020\/11\/cerealINTERIEUR1.jpg\u00a0\u00bb _builder_version=\u00a0\u00bb3.29.3&Prime; hover_enabled=\u00a0\u00bb0&Prime;][\/et_pb_image][\/et_pb_column][\/et_pb_row][et_pb_row _builder_version=\u00a0\u00bb3.29.3&Prime; column_structure=\u00a0\u00bb1_2,1_2&Prime;][et_pb_column _builder_version=\u00a0\u00bb3.29.3&Prime; type=\u00a0\u00bb1_2&Prime;][et_pb_text _builder_version=\u00a0\u00bb3.29.3&Prime; hover_enabled=\u00a0\u00bb0&Prime;]<\/p>\n<p style=\"text-align: justify;\"><strong>GRAGE A LA TECHNOLOGIE DE REFROIDESSEMENTS<\/strong><br \/><span>Environ 10% de tous, les grains stockes dans le pays d\u00e9velopp\u00e9s sont perdus par les insectes, les moissures et les micotoxines.<\/span><br \/><span>Dans les pays en developements, ce pourcentage passe \u00e0 40% autres pertes proviennent du r\u00e9tr\u00e9cissement des c\u00e9r\u00e9ales, du \u00e0 la respiration naturelle du gain.<\/span><br \/><span>Pour \u00e9viter les champignons ou les grains qui sont stock\u00e9s dans leurs silos ou cellules, il existe aujourd\u2019hui des propositions technologiques plus modernes qui surpassent les syst\u00e8mes de ventilation conventionnels, qui commencent \u00e0 devenir obsol\u00e8tes pour diverses raisons.<\/span><br \/><span>Ces propositions plus avanc\u00e9es ont \u00e0 voir avec les nouveaux r\u00e9frig\u00e9rateurs \u00e0 c\u00e9r\u00e9ales, qui ont la particularit\u00e9 de l\u2019autonomie s\u2019ils \u00e9taient des \u00e9quipements de climatisation, qui peuvent r\u00e9guler les temp\u00e9ratures et\/ou l\u2019humidit\u00e9 offrant une vari\u00e9t\u00e9 d\u2019avantages du point de vue de la conservation.<\/span><\/p>\n<p>[\/et_pb_text][\/et_pb_column][et_pb_column _builder_version=\u00a0\u00bb3.29.3&Prime; type=\u00a0\u00bb1_2&Prime;][et_pb_image src=\u00a0\u00bbhttps:\/\/deshumidifications.com\/wp-content\/uploads\/2020\/11\/cerealINTERIEUR3.jpg\u00a0\u00bb _builder_version=\u00a0\u00bb3.29.3&Prime; hover_enabled=\u00a0\u00bb0&Prime;][\/et_pb_image][\/et_pb_column][\/et_pb_row][et_pb_row _builder_version=\u00a0\u00bb3.29.3&Prime; column_structure=\u00a0\u00bb1_2,1_2&Prime; custom_padding=\u00a0\u00bb||17px|||\u00a0\u00bb][et_pb_column _builder_version=\u00a0\u00bb3.29.3&Prime; type=\u00a0\u00bb1_2&Prime;][et_pb_image src=\u00a0\u00bbhttps:\/\/deshumidifications.com\/wp-content\/uploads\/2020\/11\/FD20.000avec-silo.jpg\u00a0\u00bb _builder_version=\u00a0\u00bb3.29.3&Prime; hover_enabled=\u00a0\u00bb0&Prime;][\/et_pb_image][et_pb_text _builder_version=\u00a0\u00bb3.29.3&Prime; hover_enabled=\u00a0\u00bb0&Prime;]<\/p>\n<p style=\"text-align: justify;\"><strong>PRINCIPE DE FONCTIONNEMENT :<\/strong><span> Avec un refroidisseur de c\u00e9r\u00e9ales plac\u00e9 \u00e0 proximit\u00e9, l\u2019air pr\u00e9alablement d\u00e9shumidifi\u00e9 est refroidi puis souffl\u00e9 \u00e0 la base d\u2019un silo par son syst\u00e8me de raccordement. \u00c0 mesure qu\u2019il monte, l\u2019air froid fait baisser la temp\u00e9rature des grains et transf\u00e8re l\u2019humidit\u00e9 des grains dans l\u2019air. L\u2019air froid traverse toute la masse des grains dans une direction ascendante, absorbant ainsi chaleur et humidit\u00e9. \u00c0 mesure qu\u2019il monte, l\u2019air froid fait baisser la temp\u00e9rature des grains et transf\u00e8re l\u2019humidit\u00e9 des grains dans l\u2019air. L\u2019air froid traverse toute la masse des grains dans une direction ascendante, absorbant ainsi chaleur et humidit\u00e9. Pouss\u00e9 par l\u2019air froid, l\u2019air chaud et humide s\u2019\u00e9vacue au travers les \u00e9vents en haut du silo. Lorsque les grains auront atteint une temp\u00e9rature comprise entre 10\u00b0C et 18\u00b0C, le refroidisseur est arr\u00eat\u00e9, le tube d\u2019entr\u00e9e d\u2019air \u00e0 la base du silo est ferm\u00e9 et le refroidisseur peut \u00eatre d\u00e9plac\u00e9 vers le silo suivant. De part nos 35 ans d\u2019exp\u00e9rience en g\u00e9nie thermodynamique confort\u00e9e par l\u2019expertise de notre bureau d\u2019\u00e9tude, nous sommes en mesure de refroidir un silo en deux \u00e0 trois jours, selon sa taille et le volume stock\u00e9.<\/span><\/p>\n<p>[\/et_pb_text][\/et_pb_column][et_pb_column _builder_version=\u00a0\u00bb3.29.3&Prime; type=\u00a0\u00bb1_2&Prime;][et_pb_image src=\u00a0\u00bbhttps:\/\/deshumidifications.com\/wp-content\/uploads\/2020\/11\/Flyer-Cover-2-FD20.000-01.jpg\u00a0\u00bb _builder_version=\u00a0\u00bb3.29.3&Prime; hover_enabled=\u00a0\u00bb0&Prime;][\/et_pb_image][\/et_pb_column][\/et_pb_row][et_pb_row _builder_version=\u00a0\u00bb3.29.3&Prime; custom_padding=\u00a0\u00bb16px||0px|||\u00a0\u00bb min_height=\u00a0\u00bb66.2px\u00a0\u00bb][et_pb_column _builder_version=\u00a0\u00bb3.29.3&Prime; type=\u00a0\u00bb4_4&Prime;][et_pb_text _builder_version=\u00a0\u00bb3.29.3&Prime; hover_enabled=\u00a0\u00bb0&Prime;]<\/p>\n<p><strong>Avantages qui jouent un r\u00f4le pr\u00e9pond\u00e9rant en terme de rentabilit\u00e9<\/strong><\/p>\n<p>[\/et_pb_text][\/et_pb_column][\/et_pb_row][et_pb_row _builder_version=\u00a0\u00bb3.29.3&Prime; column_structure=\u00a0\u00bb1_2,1_2&Prime; custom_padding=\u00a0\u00bb12px||7px|||\u00a0\u00bb][et_pb_column _builder_version=\u00a0\u00bb3.29.3&Prime; type=\u00a0\u00bb1_2&Prime;][et_pb_text _builder_version=\u00a0\u00bb3.29.3&Prime; hover_enabled=\u00a0\u00bb0&Prime;]<\/p>\n<p><strong>Avantages qui jouent un r\u00f4le pr\u00e9pond\u00e9rant en terme de rentabilit<\/strong><span>\u2013 Stockage long sans aucun risque de perte de qualit\u00e9 <\/span><br \/><span>\u2013 Pr\u00e9vention des attaques et de la multiplication des insectes <\/span><br \/><span>\u2013 Protection contre les champignons et les mycotoxines <\/span><br \/><span>\u2013 Inutilit\u00e9 d\u2019un traitement chimique <\/span><br \/><span>\u2013 Minimisation des pertes caus\u00e9es par la respiration <\/span><br \/><span>\u2013 Aucun transfert requis <\/span><br \/><span>\u2013 Frais de s\u00e9chage r\u00e9duits <\/span><br \/><span>\u2013 Maintien de la fra\u00eecheur de la r\u00e9colte<\/span><\/p>\n<p><strong><\/strong><\/p>\n<p>[\/et_pb_text][\/et_pb_column][et_pb_column _builder_version=\u00a0\u00bb3.29.3&Prime; type=\u00a0\u00bb1_2&Prime;][et_pb_text _builder_version=\u00a0\u00bb3.29.3&Prime; hover_enabled=\u00a0\u00bb0&Prime;]<\/p>\n<p><span>\u2013 Maintien du pouvoir germinatif <\/span><br \/><span>\u2013 Aucun jaunissement du riz <\/span><br \/><span>\u2013 Proportion plus importante de frains de riz intacts <\/span><br \/><span>\u2013 Aucune fissure de contrainte <\/span><br \/><span>\u2013 Aucune oxydation des ol\u00e9agineaux <\/span><br \/><span>\u2013 Refroidissement ind\u00e9pendant des conditions atmosph\u00e9riques<\/span><\/p>\n<p>[\/et_pb_text][\/et_pb_column][\/et_pb_row][et_pb_row _builder_version=\u00a0\u00bb3.29.3&Prime;][et_pb_column _builder_version=\u00a0\u00bb3.29.3&Prime; type=\u00a0\u00bb4_4&Prime;][et_pb_text _builder_version=\u00a0\u00bb3.29.3&Prime; hover_enabled=\u00a0\u00bb0&Prime;]<\/p>\n<p><strong>LES REFROIDISSEURS DE CEREALES<\/strong><br \/><strong>FABRIQUES PAR FRANCE DESHUMIDIFICATION<\/strong><br \/><span>Ce sont des unit\u00e9s autonomes mont\u00e9es sur roues, de sorte qu\u2019elles peuvent \u00eatre facilment d\u00e9plac\u00e9es d\u2019un silo \u00e0 l\u2019autre.<\/span><\/p>\n<p>[\/et_pb_text][\/et_pb_column][\/et_pb_row][et_pb_row _builder_version=\u00a0\u00bb3.29.3&Prime; column_structure=\u00a0\u00bb1_2,1_2&Prime;][et_pb_column _builder_version=\u00a0\u00bb3.29.3&Prime; type=\u00a0\u00bb1_2&Prime;][et_pb_image src=\u00a0\u00bbhttps:\/\/deshumidifications.com\/wp-content\/uploads\/2020\/11\/FD-20.000-SUR-REMORQUE-2.jpg\u00a0\u00bb _builder_version=\u00a0\u00bb3.29.3&Prime; hover_enabled=\u00a0\u00bb0&Prime;][\/et_pb_image][\/et_pb_column][et_pb_column _builder_version=\u00a0\u00bb3.29.3&Prime; type=\u00a0\u00bb1_2&Prime;][et_pb_image src=\u00a0\u00bbhttps:\/\/deshumidifications.com\/wp-content\/uploads\/2020\/11\/FD-20.000-SUR-REMORQUE-4.jpg\u00a0\u00bb _builder_version=\u00a0\u00bb3.29.3&Prime; hover_enabled=\u00a0\u00bb0&Prime;][\/et_pb_image][\/et_pb_column][\/et_pb_row][et_pb_row _builder_version=\u00a0\u00bb3.29.3&Prime; column_structure=\u00a0\u00bb1_2,1_2&Prime;][et_pb_column _builder_version=\u00a0\u00bb3.29.3&Prime; type=\u00a0\u00bb1_2&Prime;][et_pb_image src=\u00a0\u00bbhttps:\/\/deshumidifications.com\/wp-content\/uploads\/2020\/11\/DEUX-FD-20.000-SUR-REMORQUE.jpg\u00a0\u00bb _builder_version=\u00a0\u00bb3.29.3&Prime; hover_enabled=\u00a0\u00bb0&Prime;][\/et_pb_image][\/et_pb_column][et_pb_column _builder_version=\u00a0\u00bb3.29.3&Prime; type=\u00a0\u00bb1_2&Prime;][et_pb_image src=\u00a0\u00bbhttps:\/\/deshumidifications.com\/wp-content\/uploads\/2020\/11\/FD-22.000-sur-remorque-2.jpg\u00a0\u00bb _builder_version=\u00a0\u00bb3.29.3&Prime; hover_enabled=\u00a0\u00bb0&Prime;][\/et_pb_image][\/et_pb_column][\/et_pb_row][et_pb_row _builder_version=\u00a0\u00bb3.29.3&Prime; column_structure=\u00a0\u00bb1_2,1_2&Prime; custom_padding=\u00a0\u00bb||0px|||\u00a0\u00bb][et_pb_column _builder_version=\u00a0\u00bb3.29.3&Prime; type=\u00a0\u00bb1_2&Prime;][et_pb_image src=\u00a0\u00bbhttps:\/\/deshumidifications.com\/wp-content\/uploads\/2020\/11\/FD-20.000-SUR-REMORQUE-5.jpg\u00a0\u00bb _builder_version=\u00a0\u00bb3.29.3&Prime; hover_enabled=\u00a0\u00bb0&Prime;][\/et_pb_image][\/et_pb_column][et_pb_column _builder_version=\u00a0\u00bb3.29.3&Prime; type=\u00a0\u00bb1_2&Prime;][et_pb_image src=\u00a0\u00bbhttps:\/\/deshumidifications.com\/wp-content\/uploads\/2020\/11\/FD-20.000-SUR-REMORQUE.jpg\u00a0\u00bb _builder_version=\u00a0\u00bb3.29.3&Prime; hover_enabled=\u00a0\u00bb0&Prime;][\/et_pb_image][\/et_pb_column][\/et_pb_row][et_pb_row _builder_version=\u00a0\u00bb3.29.3&Prime; column_structure=\u00a0\u00bb1_2,1_2&Prime; custom_padding=\u00a0\u00bb2px|||||\u00a0\u00bb][et_pb_column _builder_version=\u00a0\u00bb3.29.3&Prime; type=\u00a0\u00bb1_2&Prime;][et_pb_image src=\u00a0\u00bbhttps:\/\/deshumidifications.com\/wp-content\/uploads\/2020\/11\/FD-20.000-SUR-REMORQUE-3.jpg\u00a0\u00bb _builder_version=\u00a0\u00bb3.29.3&Prime; hover_enabled=\u00a0\u00bb0&Prime;][\/et_pb_image][\/et_pb_column][et_pb_column _builder_version=\u00a0\u00bb3.29.3&Prime; type=\u00a0\u00bb1_2&Prime;][et_pb_image src=\u00a0\u00bbhttps:\/\/deshumidifications.com\/wp-content\/uploads\/2020\/11\/FD-22.000-sur-remorque.jpg\u00a0\u00bb _builder_version=\u00a0\u00bb3.29.3&Prime; hover_enabled=\u00a0\u00bb0&Prime;][\/et_pb_image][\/et_pb_column][\/et_pb_row][\/et_pb_section]<\/p>\n","protected":false},"excerpt":{"rendered":"<p>[et_pb_section fb_built=\u00a0\u00bb1&Prime; _builder_version=\u00a0\u00bb3.29.3&Prime; background_image=\u00a0\u00bbhttps:\/\/deshumidifications.com\/wp-content\/uploads\/2021\/02\/CEREAL-1.jpg\u00a0\u00bb hover_enabled=\u00a0\u00bb0&Prime;][et_pb_row _builder_version=\u00a0\u00bb3.29.3&Prime;][et_pb_column _builder_version=\u00a0\u00bb3.29.3&Prime; type=\u00a0\u00bb4_4&Prime;][et_pb_text _builder_version=\u00a0\u00bb3.29.3&Prime; hover_enabled=\u00a0\u00bb0&Prime;] CONSERVATION NATURELLE DES GRAINS CEREALIERS PAR TOUT LES CONDITIONS CLIMATIQUES [\/et_pb_text][\/et_pb_column][\/et_pb_row][\/et_pb_section][et_pb_section fb_built=\u00a0\u00bb1&Prime; _builder_version=\u00a0\u00bb3.29.3&Prime;][et_pb_row _builder_version=\u00a0\u00bb3.29.3&Prime; column_structure=\u00a0\u00bb1_2,1_2&Prime;][et_pb_column _builder_version=\u00a0\u00bb3.29.3&Prime; type=\u00a0\u00bb1_2&Prime;][et_pb_image src=\u00a0\u00bbhttps:\/\/deshumidifications.com\/wp-content\/uploads\/2020\/11\/cereal.jpg\u00a0\u00bb _builder_version=\u00a0\u00bb3.29.3&Prime; hover_enabled=\u00a0\u00bb0&Prime;][\/et_pb_image][\/et_pb_column][et_pb_column _builder_version=\u00a0\u00bb3.29.3&Prime; type=\u00a0\u00bb1_2&Prime;][et_pb_image src=\u00a0\u00bbhttps:\/\/deshumidifications.com\/wp-content\/uploads\/2020\/11\/SAISON.jpg\u00a0\u00bb _builder_version=\u00a0\u00bb3.29.3&Prime; hover_enabled=\u00a0\u00bb0&Prime;][\/et_pb_image][\/et_pb_column][\/et_pb_row][et_pb_row _builder_version=\u00a0\u00bb3.29.3&Prime; column_structure=\u00a0\u00bb1_3,1_3,1_3&Prime;][et_pb_column _builder_version=\u00a0\u00bb3.29.3&Prime; type=\u00a0\u00bb1_3&Prime;][et_pb_image src=\u00a0\u00bbhttps:\/\/deshumidifications.com\/wp-content\/uploads\/2020\/11\/FD20.000INOX-SUR-REMORQUE.jpg\u00a0\u00bb _builder_version=\u00a0\u00bb3.29.3&Prime; hover_enabled=\u00a0\u00bb0&Prime;][\/et_pb_image][\/et_pb_column][et_pb_column _builder_version=\u00a0\u00bb3.29.3&Prime; type=\u00a0\u00bb1_3&Prime;][et_pb_text _builder_version=\u00a0\u00bb3.29.3&Prime; hover_enabled=\u00a0\u00bb0&Prime;] FD 20000DESHUMIDIFICATION ET REFROIDISSEMENT DES GRAINS Le control de [&hellip;]<\/p>\n","protected":false},"author":1,"featured_media":0,"parent":0,"menu_order":0,"comment_status":"closed","ping_status":"closed","template":"","meta":{"_et_pb_use_builder":"on","_et_pb_old_content":"","footnotes":""},"_links":{"self":[{"href":"https:\/\/deshumidifications.com\/index.php\/wp-json\/wp\/v2\/pages\/1274"}],"collection":[{"href":"https:\/\/deshumidifications.com\/index.php\/wp-json\/wp\/v2\/pages"}],"about":[{"href":"https:\/\/deshumidifications.com\/index.php\/wp-json\/wp\/v2\/types\/page"}],"author":[{"embeddable":true,"href":"https:\/\/deshumidifications.com\/index.php\/wp-json\/wp\/v2\/users\/1"}],"replies":[{"embeddable":true,"href":"https:\/\/deshumidifications.com\/index.php\/wp-json\/wp\/v2\/comments?post=1274"}],"version-history":[{"count":4,"href":"https:\/\/deshumidifications.com\/index.php\/wp-json\/wp\/v2\/pages\/1274\/revisions"}],"predecessor-version":[{"id":1821,"href":"https:\/\/deshumidifications.com\/index.php\/wp-json\/wp\/v2\/pages\/1274\/revisions\/1821"}],"wp:attachment":[{"href":"https:\/\/deshumidifications.com\/index.php\/wp-json\/wp\/v2\/media?parent=1274"}],"curies":[{"name":"wp","href":"https:\/\/api.w.org\/{rel}","templated":true}]}}