{"id":1279,"date":"2021-01-20T12:44:36","date_gmt":"2021-01-20T11:44:36","guid":{"rendered":"http:\/\/deshumidifications.com\/?page_id=1279"},"modified":"2022-04-17T11:15:23","modified_gmt":"2022-04-17T09:15:23","slug":"decontamination","status":"publish","type":"page","link":"https:\/\/deshumidifications.com\/index.php\/decontamination\/","title":{"rendered":"D\u00e9contamination"},"content":{"rendered":"<p>[et_pb_section fb_built=\u00a0\u00bb1&Prime; _builder_version=\u00a0\u00bb3.29.3&Prime; hover_enabled=\u00a0\u00bb0&Prime; background_image=\u00a0\u00bbhttps:\/\/deshumidifications.com\/wp-content\/uploads\/2021\/02\/virus.jpg\u00a0\u00bb][et_pb_row _builder_version=\u00a0\u00bb3.29.3&Prime;][et_pb_column _builder_version=\u00a0\u00bb3.29.3&Prime; type=\u00a0\u00bb4_4&Prime;][et_pb_text _builder_version=\u00a0\u00bb3.29.3&Prime; hover_enabled=\u00a0\u00bb0&Prime;]<\/p>\n<h1 style=\"text-align: center;\"><span style=\"color: #ffffff;\"><strong>D\u00c9CONTAMINATION ET D\u00c9SODORISATION PAR L\u2019OZONE<\/strong><\/span><\/h1>\n<p>[\/et_pb_text][\/et_pb_column][\/et_pb_row][\/et_pb_section][et_pb_section fb_built=\u00a0\u00bb1&Prime; _builder_version=\u00a0\u00bb3.29.3&Prime;][et_pb_row _builder_version=\u00a0\u00bb3.29.3&Prime; column_structure=\u00a0\u00bb1_4,1_4,1_4,1_4&Prime;][et_pb_column _builder_version=\u00a0\u00bb3.29.3&Prime; type=\u00a0\u00bb1_4&Prime;][et_pb_image src=\u00a0\u00bbhttps:\/\/deshumidifications.com\/wp-content\/uploads\/2020\/11\/logofrance1.png\u00a0\u00bb _builder_version=\u00a0\u00bb3.29.3&Prime; hover_enabled=\u00a0\u00bb0&Prime;][\/et_pb_image][\/et_pb_column][et_pb_column _builder_version=\u00a0\u00bb3.29.3&Prime; type=\u00a0\u00bb1_4&Prime;][et_pb_image src=\u00a0\u00bbhttps:\/\/deshumidifications.com\/wp-content\/uploads\/2020\/11\/ozone-avise.png\u00a0\u00bb _builder_version=\u00a0\u00bb3.29.3&Prime; hover_enabled=\u00a0\u00bb0&Prime;][\/et_pb_image][\/et_pb_column][et_pb_column _builder_version=\u00a0\u00bb3.29.3&Prime; type=\u00a0\u00bb1_4&Prime;][et_pb_image src=\u00a0\u00bbhttps:\/\/deshumidifications.com\/wp-content\/uploads\/2020\/11\/logo-azul-bacterian.jpg\u00a0\u00bb _builder_version=\u00a0\u00bb3.29.3&Prime; hover_enabled=\u00a0\u00bb0&Prime;][\/et_pb_image][\/et_pb_column][et_pb_column _builder_version=\u00a0\u00bb3.29.3&Prime; type=\u00a0\u00bb1_4&Prime;][et_pb_image src=\u00a0\u00bbhttps:\/\/deshumidifications.com\/wp-content\/uploads\/2020\/11\/logorojo.jpg\u00a0\u00bb _builder_version=\u00a0\u00bb3.29.3&Prime; hover_enabled=\u00a0\u00bb0&Prime;][\/et_pb_image][\/et_pb_column][\/et_pb_row][et_pb_row _builder_version=\u00a0\u00bb3.29.3&Prime; column_structure=\u00a0\u00bb1_2,1_2&Prime;][et_pb_column _builder_version=\u00a0\u00bb3.29.3&Prime; type=\u00a0\u00bb1_2&Prime;][et_pb_text _builder_version=\u00a0\u00bb3.29.3&Prime; hover_enabled=\u00a0\u00bb0&Prime;]<\/p>\n<p>\u00c9quipement fabriqu\u00e9 par <strong>France D\u00e9shumidification<\/strong> dans notre usine.<\/p>\n<p><strong>\u00c9limination: <\/strong>\u00e0 99,9% des micro-organismes, bact\u00e9ries, virus, bacteries, champignons, odeurs.<\/p>\n<p><strong>\u00c9cologique:<\/strong> production naturelle de l\u2019ozone avec de l\u2019oxig\u00e8ne et de l\u2019\u00e9lectricit\u00e9.<\/p>\n<p>Proc\u00e9d\u00e9 de l\u2019ozone:<\/p>\n<p>[\/et_pb_text][\/et_pb_column][et_pb_column _builder_version=\u00a0\u00bb3.29.3&Prime; type=\u00a0\u00bb1_2&Prime;][et_pb_text _builder_version=\u00a0\u00bb3.29.3&Prime; hover_enabled=\u00a0\u00bb0&Prime;]<\/p>\n<p><strong>S\u00e9curit\u00e9 assur\u00e9e:<\/strong> S\u2019applique sur les denr\u00e9es alimentaire sans laisser de trace ou de r\u00e9manence.<\/p>\n<p><strong>\u00c9conomique:<\/strong> Temps d\u2019action tr\u00e8s r\u00e9duit (30 minutes max), ne paralyse pas votre activit\u00e9 ou production.<\/p>\n<p>L\u2019ozone est consider\u00e9 par l\u2019OMS comme le d\u00e9sinfectant le plus efficace contre toutes sortes de microorganismes.<\/p>\n<p>L\u2019ozone est un st\u00e9rilisant haute puissance, ses propri\u00e9t\u00e9s en font la solution la plus efficace du march\u00e9.<\/p>\n<p>[\/et_pb_text][\/et_pb_column][\/et_pb_row][et_pb_row _builder_version=\u00a0\u00bb3.29.3&Prime;][et_pb_column _builder_version=\u00a0\u00bb3.29.3&Prime; type=\u00a0\u00bb4_4&Prime;][et_pb_image src=\u00a0\u00bbhttps:\/\/deshumidifications.com\/wp-content\/uploads\/2021\/07\/ozone-she\u0301ma-1024&#215;408-1.jpg\u00a0\u00bb _builder_version=\u00a0\u00bb3.29.3&Prime; align=\u00a0\u00bbcenter\u00a0\u00bb hover_enabled=\u00a0\u00bb0&Prime;][\/et_pb_image][\/et_pb_column][\/et_pb_row][\/et_pb_section]<\/p>\n","protected":false},"excerpt":{"rendered":"<p>[et_pb_section fb_built=\u00a0\u00bb1&Prime; _builder_version=\u00a0\u00bb3.29.3&Prime; hover_enabled=\u00a0\u00bb0&Prime; background_image=\u00a0\u00bbhttps:\/\/deshumidifications.com\/wp-content\/uploads\/2021\/02\/virus.jpg\u00a0\u00bb][et_pb_row _builder_version=\u00a0\u00bb3.29.3&Prime;][et_pb_column _builder_version=\u00a0\u00bb3.29.3&Prime; type=\u00a0\u00bb4_4&Prime;][et_pb_text _builder_version=\u00a0\u00bb3.29.3&Prime; hover_enabled=\u00a0\u00bb0&Prime;] D\u00c9CONTAMINATION ET D\u00c9SODORISATION PAR L\u2019OZONE [\/et_pb_text][\/et_pb_column][\/et_pb_row][\/et_pb_section][et_pb_section fb_built=\u00a0\u00bb1&Prime; _builder_version=\u00a0\u00bb3.29.3&Prime;][et_pb_row _builder_version=\u00a0\u00bb3.29.3&Prime; column_structure=\u00a0\u00bb1_4,1_4,1_4,1_4&Prime;][et_pb_column _builder_version=\u00a0\u00bb3.29.3&Prime; type=\u00a0\u00bb1_4&Prime;][et_pb_image src=\u00a0\u00bbhttps:\/\/deshumidifications.com\/wp-content\/uploads\/2020\/11\/logofrance1.png\u00a0\u00bb _builder_version=\u00a0\u00bb3.29.3&Prime; hover_enabled=\u00a0\u00bb0&Prime;][\/et_pb_image][\/et_pb_column][et_pb_column _builder_version=\u00a0\u00bb3.29.3&Prime; type=\u00a0\u00bb1_4&Prime;][et_pb_image src=\u00a0\u00bbhttps:\/\/deshumidifications.com\/wp-content\/uploads\/2020\/11\/ozone-avise.png\u00a0\u00bb _builder_version=\u00a0\u00bb3.29.3&Prime; hover_enabled=\u00a0\u00bb0&Prime;][\/et_pb_image][\/et_pb_column][et_pb_column _builder_version=\u00a0\u00bb3.29.3&Prime; type=\u00a0\u00bb1_4&Prime;][et_pb_image src=\u00a0\u00bbhttps:\/\/deshumidifications.com\/wp-content\/uploads\/2020\/11\/logo-azul-bacterian.jpg\u00a0\u00bb _builder_version=\u00a0\u00bb3.29.3&Prime; hover_enabled=\u00a0\u00bb0&Prime;][\/et_pb_image][\/et_pb_column][et_pb_column _builder_version=\u00a0\u00bb3.29.3&Prime; type=\u00a0\u00bb1_4&Prime;][et_pb_image src=\u00a0\u00bbhttps:\/\/deshumidifications.com\/wp-content\/uploads\/2020\/11\/logorojo.jpg\u00a0\u00bb _builder_version=\u00a0\u00bb3.29.3&Prime; hover_enabled=\u00a0\u00bb0&Prime;][\/et_pb_image][\/et_pb_column][\/et_pb_row][et_pb_row _builder_version=\u00a0\u00bb3.29.3&Prime; column_structure=\u00a0\u00bb1_2,1_2&Prime;][et_pb_column _builder_version=\u00a0\u00bb3.29.3&Prime; type=\u00a0\u00bb1_2&Prime;][et_pb_text _builder_version=\u00a0\u00bb3.29.3&Prime; hover_enabled=\u00a0\u00bb0&Prime;] \u00c9quipement fabriqu\u00e9 par France D\u00e9shumidification dans notre usine. \u00c9limination: [&hellip;]<\/p>\n","protected":false},"author":1,"featured_media":0,"parent":0,"menu_order":0,"comment_status":"closed","ping_status":"closed","template":"","meta":{"_et_pb_use_builder":"on","_et_pb_old_content":"","footnotes":""},"_links":{"self":[{"href":"https:\/\/deshumidifications.com\/index.php\/wp-json\/wp\/v2\/pages\/1279"}],"collection":[{"href":"https:\/\/deshumidifications.com\/index.php\/wp-json\/wp\/v2\/pages"}],"about":[{"href":"https:\/\/deshumidifications.com\/index.php\/wp-json\/wp\/v2\/types\/page"}],"author":[{"embeddable":true,"href":"https:\/\/deshumidifications.com\/index.php\/wp-json\/wp\/v2\/users\/1"}],"replies":[{"embeddable":true,"href":"https:\/\/deshumidifications.com\/index.php\/wp-json\/wp\/v2\/comments?post=1279"}],"version-history":[{"count":3,"href":"https:\/\/deshumidifications.com\/index.php\/wp-json\/wp\/v2\/pages\/1279\/revisions"}],"predecessor-version":[{"id":1830,"href":"https:\/\/deshumidifications.com\/index.php\/wp-json\/wp\/v2\/pages\/1279\/revisions\/1830"}],"wp:attachment":[{"href":"https:\/\/deshumidifications.com\/index.php\/wp-json\/wp\/v2\/media?parent=1279"}],"curies":[{"name":"wp","href":"https:\/\/api.w.org\/{rel}","templated":true}]}}