{"id":1314,"date":"2021-02-03T20:48:49","date_gmt":"2021-02-03T19:48:49","guid":{"rendered":"http:\/\/deshumidifications.com\/?page_id=1314"},"modified":"2021-02-11T15:11:32","modified_gmt":"2021-02-11T14:11:32","slug":"sechage-foin","status":"publish","type":"page","link":"https:\/\/deshumidifications.com\/index.php\/sechage-foin\/","title":{"rendered":"S\u00e9chage Foin"},"content":{"rendered":"<p>[et_pb_section fb_built=\u00a0\u00bb1&Prime; _builder_version=\u00a0\u00bb3.29.3&Prime; background_image=\u00a0\u00bbhttps:\/\/deshumidifications.com\/wp-content\/uploads\/2021\/02\/vaches.jpg\u00a0\u00bb min_height=\u00a0\u00bb361px\u00a0\u00bb custom_margin=\u00a0\u00bb||-1px|||\u00a0\u00bb fb_built=\u00a0\u00bb1&Prime; _i=\u00a0\u00bb0&Prime; _address=\u00a0\u00bb0&Prime;][et_pb_row _builder_version=\u00a0\u00bb3.29.3&Prime; _i=\u00a0\u00bb0&Prime; _address=\u00a0\u00bb0.0&Prime; custom_padding=\u00a0\u00bb||14px|||\u00a0\u00bb][et_pb_column type=\u00a0\u00bb4_4&Prime; _builder_version=\u00a0\u00bb3.29.3&Prime; _i=\u00a0\u00bb0&Prime; _address=\u00a0\u00bb0.0.0&Prime;][et_pb_text _builder_version=\u00a0\u00bb3.29.3&Prime; text_font=\u00a0\u00bb|||on|||||\u00a0\u00bb text_text_color=\u00a0\u00bb#ffffff\u00a0\u00bb text_font_size=\u00a0\u00bb25px\u00a0\u00bb text_letter_spacing=\u00a0\u00bb2px\u00a0\u00bb text_orientation=\u00a0\u00bbcenter\u00a0\u00bb text_text_shadow_style=\u00a0\u00bbpreset3&Prime; text_text_shadow_horizontal_length=\u00a0\u00bb0.43em\u00a0\u00bb text_text_shadow_blur_strength=\u00a0\u00bb0.67em\u00a0\u00bb _i=\u00a0\u00bb0&Prime; _address=\u00a0\u00bb0.0.0.0&Prime;]<\/p>\n<h1><span style=\"color: #ffffff;\"><strong>Pour r\u00e9colter le meilleur de l&rsquo;herbe<\/strong><\/span><\/h1>\n<p>[\/et_pb_text][\/et_pb_column][\/et_pb_row][\/et_pb_section][et_pb_section fb_built=\u00a0\u00bb1&Prime; _builder_version=\u00a0\u00bb3.29.3&Prime; custom_padding=\u00a0\u00bb22px||15px|||\u00a0\u00bb fb_built=\u00a0\u00bb1&Prime; _i=\u00a0\u00bb1&Prime; _address=\u00a0\u00bb1&Prime;][et_pb_row _builder_version=\u00a0\u00bb3.29.3&Prime; custom_padding=\u00a0\u00bb6px||26px|||\u00a0\u00bb _i=\u00a0\u00bb0&Prime; _address=\u00a0\u00bb1.0&Prime;][et_pb_column type=\u00a0\u00bb4_4&Prime; _builder_version=\u00a0\u00bb3.29.3&Prime; _i=\u00a0\u00bb0&Prime; _address=\u00a0\u00bb1.0.0&Prime;][et_pb_text _builder_version=\u00a0\u00bb3.29.3&Prime; hover_enabled=\u00a0\u00bb0&Prime; _i=\u00a0\u00bb0&Prime; _address=\u00a0\u00bb1.0.0.0&Prime;]<\/p>\n<p>S\u00c9CHAGE PAR DESHUMIDIFICATION<\/p>\n<p>[\/et_pb_text][\/et_pb_column][\/et_pb_row][et_pb_row _builder_version=\u00a0\u00bb3.29.3&Prime; custom_padding=\u00a0\u00bb14px||19px|||\u00a0\u00bb _i=\u00a0\u00bb1&Prime; _address=\u00a0\u00bb1.1&Prime;][et_pb_column type=\u00a0\u00bb4_4&Prime; _builder_version=\u00a0\u00bb3.29.3&Prime; _i=\u00a0\u00bb0&Prime; _address=\u00a0\u00bb1.1.0&Prime;][et_pb_text _builder_version=\u00a0\u00bb3.29.3&Prime; text_font_size=\u00a0\u00bb17px\u00a0\u00bb _i=\u00a0\u00bb0&Prime; _address=\u00a0\u00bb1.1.0.0&Prime;]<\/p>\n<p style=\"text-align: center;\"><strong>Comment optimiser la qualit\u00e9 et les performances de son fourrage<\/strong><\/p>\n<p>[\/et_pb_text][\/et_pb_column][\/et_pb_row][et_pb_row _builder_version=\u00a0\u00bb3.29.3&Prime; custom_padding=\u00a0\u00bb12px||44px|||\u00a0\u00bb _i=\u00a0\u00bb2&Prime; _address=\u00a0\u00bb1.2&Prime;][et_pb_column type=\u00a0\u00bb4_4&Prime; _builder_version=\u00a0\u00bb3.29.3&Prime; _i=\u00a0\u00bb0&Prime; _address=\u00a0\u00bb1.2.0&Prime;][et_pb_text _builder_version=\u00a0\u00bb3.29.3&Prime; text_orientation=\u00a0\u00bbjustified\u00a0\u00bb _i=\u00a0\u00bb0&Prime; _address=\u00a0\u00bb1.2.0.0&Prime;]Le fourrage est et restera la base d&rsquo;une alimentation saine dans les \u00e9levages laitiers\u00a0\u00bb, telle est la conviction des promoteurs du s\u00e9chage du foin par d\u00e9shumidification. La soci\u00e9t\u00e9 et les consommateurs leur ont d\u00e9ja donn\u00e9 raison : chacun d\u00e9sire des produits au authentiques et de qualit\u00e9, qui garantissent des m\u00e9thodes de production respectueuses des hommes et de la nature. Pour les produits laitiers, au-del\u00e0 des productions sous signes de qualit\u00e9 (aoc, bio&#8230;), cela signifie \u00e9videmment un lait de qualit\u00e9 et des vaches bien nourries.<br \/>\n85% DE MATIERE SECHE PAR TOUS LES TEMPS.Les d\u00e9shumidificateurs de France D\u00e9shumidification est une machine thermodynamique \u00e0 alimentation \u00e9lectrique qui d\u00e9shumidifie et r\u00e9chauffe l&rsquo;air. Gr\u00e2ce \u00e0 elle, l&rsquo;exploitant peut r\u00e9colter son foin au moment o\u00f9 il le d\u00e9sire, quelles que soient les conditions m\u00e9t\u00e9orologiques.<br \/>\nEn vrac ou apr\u00e8s pressage en bottes carr\u00e9es ou en balles rondes, la d\u00e9shumidification permet de s\u00e9cher rapidement au moindre co\u00fbt et de stocker un fourrage stabilis\u00e9 \u00e0 85% minimum de mati\u00e8re s\u00e8che.<br \/>\nUN MEILLEUR LAIT ET PLUS DE SOUPLESSE D&rsquo; ORGANISATION. Bref, la qualit\u00e9 du fourrage est assur\u00e9e et, avec elle, la richesse en \u00e9nergie et en prot\u00e9ine de l&rsquo;alimentation du troupeau. R\u00e9sultat : des vaches en bonne sant\u00e9, donnant un lait, pr\u00e9sentant un bon TP et des caract\u00e9ristiques hygi\u00e9niques am\u00e9lior\u00e9es. La qualit\u00e9 du lait, c&rsquo;est le gage \u00e0 la souplesse d&rsquo;organisation et au gain de temps qu&rsquo;apporte la d\u00e9shumidification, la productivit\u00e9 de l&rsquo;exploitation est d\u00e9j\u00e0 gagnante.[\/et_pb_text][\/et_pb_column][\/et_pb_row][et_pb_row column_structure=\u00a0\u00bb1_2,1_2&Prime; _builder_version=\u00a0\u00bb3.29.3&Prime; min_height=\u00a0\u00bb201px\u00a0\u00bb custom_padding=\u00a0\u00bb20px||13px|||\u00a0\u00bb _i=\u00a0\u00bb3&Prime; _address=\u00a0\u00bb1.3&Prime;][et_pb_column type=\u00a0\u00bb1_2&Prime; _builder_version=\u00a0\u00bb3.29.3&Prime; _i=\u00a0\u00bb0&Prime; _address=\u00a0\u00bb1.3.0&Prime;][et_pb_text _builder_version=\u00a0\u00bb3.29.3&Prime; _i=\u00a0\u00bb0&Prime; _address=\u00a0\u00bb1.3.0.0&Prime;]<\/p>\n<p style=\"text-align: justify;\"><strong>APPORTS POSITIFS<\/strong> : <strong>Ass\u00e8chement<\/strong> liti\u00e8re, lisier, paille humide <strong>Photocatalyse ;<\/strong> d\u00e9contamination de l&rsquo;air (bact\u00e9ries, virus, moisissures, odeurs) <strong>Confort ;<\/strong> Uniformit\u00e9 de la chaleur du sol et dans l&rsquo;espace, \u00e9clairage gain de consommation, de luminosit\u00e9, de long\u00e9vite, de s\u00e9curite <strong>Engraissement ;<\/strong> acc\u00e9l\u00e9r\u00e9, am\u00e9lior\u00e9, ais\u00e9, accru Long\u00e9vit\u00e9 ; mat\u00e9riaux, performances <strong>Ecologie ;<\/strong> renforc\u00e9e, durable, cibl\u00e9e.<\/p>\n<p>[\/et_pb_text][\/et_pb_column][et_pb_column type=\u00a0\u00bb1_2&Prime; _builder_version=\u00a0\u00bb3.29.3&Prime; _i=\u00a0\u00bb1&Prime; _address=\u00a0\u00bb1.3.1&Prime;][et_pb_image src=\u00a0\u00bbhttps:\/\/deshumidifications.com\/wp-content\/uploads\/2021\/02\/foin1-01-1.jpg\u00a0\u00bb _builder_version=\u00a0\u00bb3.29.3&Prime; _i=\u00a0\u00bb0&Prime; _address=\u00a0\u00bb1.3.1.0&Prime;][\/et_pb_image][\/et_pb_column][\/et_pb_row][et_pb_row column_structure=\u00a0\u00bb1_2,1_2&Prime; _builder_version=\u00a0\u00bb3.29.3&Prime; custom_padding=\u00a0\u00bb12px||21px|||\u00a0\u00bb _i=\u00a0\u00bb4&Prime; _address=\u00a0\u00bb1.4&Prime;][et_pb_column type=\u00a0\u00bb1_2&Prime; _builder_version=\u00a0\u00bb3.29.3&Prime; _i=\u00a0\u00bb0&Prime; _address=\u00a0\u00bb1.4.0&Prime;][et_pb_image src=\u00a0\u00bbhttps:\/\/deshumidifications.com\/wp-content\/uploads\/2021\/02\/foin2.jpg\u00a0\u00bb _builder_version=\u00a0\u00bb3.29.3&Prime; _i=\u00a0\u00bb0&Prime; _address=\u00a0\u00bb1.4.0.0&Prime;][\/et_pb_image][\/et_pb_column][et_pb_column type=\u00a0\u00bb1_2&Prime; _builder_version=\u00a0\u00bb3.29.3&Prime; _i=\u00a0\u00bb1&Prime; _address=\u00a0\u00bb1.4.1&Prime;][et_pb_text _builder_version=\u00a0\u00bb3.29.3&Prime; text_orientation=\u00a0\u00bbjustified\u00a0\u00bb _i=\u00a0\u00bb0&Prime; _address=\u00a0\u00bb1.4.1.0&Prime;]<\/p>\n<p><strong>ENERGIE :<\/strong> <strong>Avantages;<\/strong> apports solaire (\u00e9lectricit\u00e9, eau chaude) cog\u00e9n\u00e9ration (r\u00e9cup\u00e9ration chaleur moteur)<br \/> <strong>\u00c9conomies;<\/strong> d\u00e9shumidificateur \u00e0 photocatalyse, coupl\u00e9 avec le caisson double flux et le SSC<br \/> <strong>Distribution;<\/strong> Ballon SSC (bi-cuves) couple les arriv\u00e9s \u00e9nerg\u00e9tiques y compris la production (ECS)<br \/> <strong>Contr\u00f4le;<\/strong> priorit\u00e9 et facilit\u00e9 aux apports gratuits, cohabitation des appoints \u00e9nerg\u00e9tiques<\/p>\n<p>[\/et_pb_text][\/et_pb_column][\/et_pb_row][et_pb_row _builder_version=\u00a0\u00bb3.29.3&Prime; custom_padding=\u00a0\u00bb6px||29px|||\u00a0\u00bb _i=\u00a0\u00bb5&Prime; _address=\u00a0\u00bb1.5&Prime;][et_pb_column type=\u00a0\u00bb4_4&Prime; _builder_version=\u00a0\u00bb3.29.3&Prime; _i=\u00a0\u00bb0&Prime; _address=\u00a0\u00bb1.5.0&Prime;][et_pb_text _builder_version=\u00a0\u00bb3.29.3&Prime; text_orientation=\u00a0\u00bbjustified\u00a0\u00bb _i=\u00a0\u00bb0&Prime; _address=\u00a0\u00bb1.5.0.0&Prime;]<\/p>\n<p><strong>PRODUCTION PHOTOVOLTAIQUE :<\/strong> Assur\u00e9e et am\u00e9lior\u00e9e (15%) par la pr\u00e9sence en sous face d&rsquo;un \u00e9changeur hydraulique isol\u00e9 cellules refroidies allongeant ainsi leurs dur\u00e9es de vie et leurs performances aides augment\u00e9es (primes), production d&rsquo;eau chaude (panneaux hybrides) revente EDF, possibilit\u00e9 de panachage (PV et PVT)<\/p>\n<p>[\/et_pb_text][\/et_pb_column][\/et_pb_row][et_pb_row _builder_version=\u00a0\u00bb3.29.3&Prime; custom_padding=\u00a0\u00bb11px||17px|||\u00a0\u00bb _i=\u00a0\u00bb6&Prime; _address=\u00a0\u00bb1.6&Prime;][et_pb_column type=\u00a0\u00bb4_4&Prime; _builder_version=\u00a0\u00bb3.29.3&Prime; _i=\u00a0\u00bb0&Prime; _address=\u00a0\u00bb1.6.0&Prime;][et_pb_image src=\u00a0\u00bbhttps:\/\/deshumidifications.com\/wp-content\/uploads\/2021\/02\/SECHOIR-de-FOIN-1.jpg\u00a0\u00bb align=\u00a0\u00bbcenter\u00a0\u00bb _builder_version=\u00a0\u00bb3.29.3&Prime; hover_enabled=\u00a0\u00bb0&Prime; _i=\u00a0\u00bb0&Prime; _address=\u00a0\u00bb1.6.0.0&Prime;][\/et_pb_image][\/et_pb_column][\/et_pb_row][et_pb_row _builder_version=\u00a0\u00bb3.29.3&Prime; custom_padding=\u00a0\u00bb49px||16px|||\u00a0\u00bb _i=\u00a0\u00bb7&Prime; _address=\u00a0\u00bb1.7&Prime;][et_pb_column type=\u00a0\u00bb4_4&Prime; _builder_version=\u00a0\u00bb3.29.3&Prime; _i=\u00a0\u00bb0&Prime; _address=\u00a0\u00bb1.7.0&Prime;][et_pb_image src=\u00a0\u00bbhttps:\/\/deshumidifications.com\/wp-content\/uploads\/2021\/02\/SECHOIR-de-FOIN-2.jpg\u00a0\u00bb align=\u00a0\u00bbcenter\u00a0\u00bb _builder_version=\u00a0\u00bb3.29.3&Prime; hover_enabled=\u00a0\u00bb0&Prime; _i=\u00a0\u00bb0&Prime; _address=\u00a0\u00bb1.7.0.0&Prime;][\/et_pb_image][\/et_pb_column][\/et_pb_row][et_pb_row _builder_version=\u00a0\u00bb3.29.3&Prime; _i=\u00a0\u00bb8&Prime; _address=\u00a0\u00bb1.8&Prime; custom_padding=\u00a0\u00bb16px||13px|||\u00a0\u00bb][et_pb_column type=\u00a0\u00bb4_4&Prime; _builder_version=\u00a0\u00bb3.29.3&Prime; _i=\u00a0\u00bb0&Prime; _address=\u00a0\u00bb1.8.0&Prime;][et_pb_image src=\u00a0\u00bbhttps:\/\/deshumidifications.com\/wp-content\/uploads\/2021\/02\/SECHOIR-de-FOIN-3.jpg\u00a0\u00bb align=\u00a0\u00bbcenter\u00a0\u00bb _builder_version=\u00a0\u00bb3.29.3&Prime; hover_enabled=\u00a0\u00bb0&Prime; _i=\u00a0\u00bb0&Prime; _address=\u00a0\u00bb1.8.0.0&Prime;][\/et_pb_image][\/et_pb_column][\/et_pb_row][\/et_pb_section]<\/p>\n","protected":false},"excerpt":{"rendered":"<p>[et_pb_section fb_built=\u00a0\u00bb1&Prime; _builder_version=\u00a0\u00bb3.29.3&Prime; background_image=\u00a0\u00bbhttps:\/\/deshumidifications.com\/wp-content\/uploads\/2021\/02\/vaches.jpg\u00a0\u00bb min_height=\u00a0\u00bb361px\u00a0\u00bb custom_margin=\u00a0\u00bb||-1px|||\u00a0\u00bb fb_built=\u00a0\u00bb1&Prime; _i=\u00a0\u00bb0&Prime; _address=\u00a0\u00bb0&Prime;][et_pb_row _builder_version=\u00a0\u00bb3.29.3&Prime; _i=\u00a0\u00bb0&Prime; _address=\u00a0\u00bb0.0&Prime; custom_padding=\u00a0\u00bb||14px|||\u00a0\u00bb][et_pb_column type=\u00a0\u00bb4_4&Prime; _builder_version=\u00a0\u00bb3.29.3&Prime; _i=\u00a0\u00bb0&Prime; _address=\u00a0\u00bb0.0.0&Prime;][et_pb_text _builder_version=\u00a0\u00bb3.29.3&Prime; text_font=\u00a0\u00bb|||on|||||\u00a0\u00bb text_text_color=\u00a0\u00bb#ffffff\u00a0\u00bb text_font_size=\u00a0\u00bb25px\u00a0\u00bb text_letter_spacing=\u00a0\u00bb2px\u00a0\u00bb text_orientation=\u00a0\u00bbcenter\u00a0\u00bb text_text_shadow_style=\u00a0\u00bbpreset3&Prime; text_text_shadow_horizontal_length=\u00a0\u00bb0.43em\u00a0\u00bb text_text_shadow_blur_strength=\u00a0\u00bb0.67em\u00a0\u00bb _i=\u00a0\u00bb0&Prime; _address=\u00a0\u00bb0.0.0.0&Prime;] Pour r\u00e9colter le meilleur de l&rsquo;herbe [\/et_pb_text][\/et_pb_column][\/et_pb_row][\/et_pb_section][et_pb_section fb_built=\u00a0\u00bb1&Prime; _builder_version=\u00a0\u00bb3.29.3&Prime; custom_padding=\u00a0\u00bb22px||15px|||\u00a0\u00bb fb_built=\u00a0\u00bb1&Prime; _i=\u00a0\u00bb1&Prime; _address=\u00a0\u00bb1&Prime;][et_pb_row _builder_version=\u00a0\u00bb3.29.3&Prime; custom_padding=\u00a0\u00bb6px||26px|||\u00a0\u00bb _i=\u00a0\u00bb0&Prime; _address=\u00a0\u00bb1.0&Prime;][et_pb_column type=\u00a0\u00bb4_4&Prime; _builder_version=\u00a0\u00bb3.29.3&Prime; _i=\u00a0\u00bb0&Prime; _address=\u00a0\u00bb1.0.0&Prime;][et_pb_text _builder_version=\u00a0\u00bb3.29.3&Prime; hover_enabled=\u00a0\u00bb0&Prime; _i=\u00a0\u00bb0&Prime; _address=\u00a0\u00bb1.0.0.0&Prime;] S\u00c9CHAGE PAR [&hellip;]<\/p>\n","protected":false},"author":1,"featured_media":0,"parent":0,"menu_order":0,"comment_status":"closed","ping_status":"closed","template":"","meta":{"_et_pb_use_builder":"on","_et_pb_old_content":"","footnotes":""},"_links":{"self":[{"href":"https:\/\/deshumidifications.com\/index.php\/wp-json\/wp\/v2\/pages\/1314"}],"collection":[{"href":"https:\/\/deshumidifications.com\/index.php\/wp-json\/wp\/v2\/pages"}],"about":[{"href":"https:\/\/deshumidifications.com\/index.php\/wp-json\/wp\/v2\/types\/page"}],"author":[{"embeddable":true,"href":"https:\/\/deshumidifications.com\/index.php\/wp-json\/wp\/v2\/users\/1"}],"replies":[{"embeddable":true,"href":"https:\/\/deshumidifications.com\/index.php\/wp-json\/wp\/v2\/comments?post=1314"}],"version-history":[{"count":9,"href":"https:\/\/deshumidifications.com\/index.php\/wp-json\/wp\/v2\/pages\/1314\/revisions"}],"predecessor-version":[{"id":1483,"href":"https:\/\/deshumidifications.com\/index.php\/wp-json\/wp\/v2\/pages\/1314\/revisions\/1483"}],"wp:attachment":[{"href":"https:\/\/deshumidifications.com\/index.php\/wp-json\/wp\/v2\/media?parent=1314"}],"curies":[{"name":"wp","href":"https:\/\/api.w.org\/{rel}","templated":true}]}}