{"id":1364,"date":"2021-02-04T13:20:23","date_gmt":"2021-02-04T12:20:23","guid":{"rendered":"http:\/\/deshumidifications.com\/?page_id=1364"},"modified":"2021-02-04T13:21:53","modified_gmt":"2021-02-04T12:21:53","slug":"decontamination-fruits-legumes","status":"publish","type":"page","link":"https:\/\/deshumidifications.com\/index.php\/decontamination-fruits-legumes\/","title":{"rendered":"D\u00e9contamination fruits &#038; l\u00e9gumes"},"content":{"rendered":"<p>[et_pb_section fb_built=\u00a0\u00bb1&Prime; _builder_version=\u00a0\u00bb3.29.3&Prime; background_image=\u00a0\u00bbhttps:\/\/deshumidifications.com\/wp-content\/uploads\/2021\/02\/ozone1.jpg\u00a0\u00bb hover_enabled=\u00a0\u00bb0&Prime;][et_pb_row _builder_version=\u00a0\u00bb3.29.3&Prime; custom_padding=\u00a0\u00bb12px|||||\u00a0\u00bb][et_pb_column _builder_version=\u00a0\u00bb3.29.3&Prime; type=\u00a0\u00bb4_4&Prime;][et_pb_text _builder_version=\u00a0\u00bb3.29.3&Prime; hover_enabled=\u00a0\u00bb0&Prime; custom_padding=\u00a0\u00bb3px||||false|false\u00a0\u00bb custom_margin=\u00a0\u00bb0px||-40px||false|false\u00a0\u00bb]<\/p>\n<h1 style=\"text-align: center;\"><span style=\"color: #010616;\"><strong>LAVAGE ET DECONTAMINATION PAR OZONE<\/strong><\/span><br \/><span style=\"color: #010616;\">[\/et_pb_text][\/et_pb_column][\/et_pb_row][\/et_pb_section][et_pb_section fb_built=\u00a0\u00bb1&Prime; _builder_version=\u00a0\u00bb3.29.3&Prime; custom_padding=\u00a0\u00bb33px|||||\u00a0\u00bb][et_pb_row _builder_version=\u00a0\u00bb3.29.3&Prime; custom_padding=\u00a0\u00bb0px||8px|||\u00a0\u00bb][et_pb_column _builder_version=\u00a0\u00bb3.29.3&Prime; type=\u00a0\u00bb4_4&Prime;][et_pb_text _builder_version=\u00a0\u00bb3.29.3&Prime; hover_enabled=\u00a0\u00bb0&Prime;]<\/p>\n<h4 style=\"text-align: center;\"><strong>DESTRUCTION DES BACTERIES PATHOGENES, NANOS &#8211; VIRUS, LES SPORES LES CHAMPIGNONS, NEUTRALISE LES SUBSTANCES CHIMIQUES TOXIQUES ET LES RESIDUS DE PESTICIDES PRESENTES DANS LE FRUITS ET LEGUMES<\/strong><\/h4>\n<p>[\/et_pb_text][\/et_pb_column][\/et_pb_row][et_pb_row _builder_version=\u00a0\u00bb3.29.3&Prime; custom_padding=\u00a0\u00bb14px||27px|||\u00a0\u00bb][et_pb_column _builder_version=\u00a0\u00bb3.29.3&Prime; type=\u00a0\u00bb4_4&Prime;][et_pb_text _builder_version=\u00a0\u00bb3.29.3&Prime; hover_enabled=\u00a0\u00bb0&Prime;]<\/p>\n<p style=\"text-align: center;\"><strong>TECHNOLOGIE ECOLOGIQUE &#8211; NON TOXIQUE &#8211; INSTALLATION SIMPLE<\/strong><\/p>\n<p>[\/et_pb_text][\/et_pb_column][\/et_pb_row][et_pb_row _builder_version=\u00a0\u00bb3.29.3&Prime; column_structure=\u00a0\u00bb1_2,1_2&Prime; custom_padding=\u00a0\u00bb24px||15px|||\u00a0\u00bb][et_pb_column _builder_version=\u00a0\u00bb3.29.3&Prime; type=\u00a0\u00bb1_2&Prime;][et_pb_image src=\u00a0\u00bbhttps:\/\/deshumidifications.com\/wp-content\/uploads\/2021\/02\/OXIO-OZONATEUR.jpg\u00a0\u00bb _builder_version=\u00a0\u00bb3.29.3&Prime; hover_enabled=\u00a0\u00bb0&Prime;][\/et_pb_image][\/et_pb_column][et_pb_column _builder_version=\u00a0\u00bb3.29.3&Prime; type=\u00a0\u00bb1_2&Prime;][et_pb_image _builder_version=\u00a0\u00bb3.29.3&Prime; hover_enabled=\u00a0\u00bb0&Prime; src=\u00a0\u00bbhttps:\/\/deshumidifications.com\/wp-content\/uploads\/2021\/02\/poisson-1.jpg\u00a0\u00bb][\/et_pb_image][et_pb_image src=\u00a0\u00bbhttps:\/\/deshumidifications.com\/wp-content\/uploads\/2021\/02\/viande-1.jpg\u00a0\u00bb _builder_version=\u00a0\u00bb3.29.3&Prime; hover_enabled=\u00a0\u00bb0&Prime;][\/et_pb_image][\/et_pb_column][\/et_pb_row][et_pb_row _builder_version=\u00a0\u00bb3.29.3&Prime; custom_padding=\u00a0\u00bb4px||4px|||\u00a0\u00bb][et_pb_column _builder_version=\u00a0\u00bb3.29.3&Prime; type=\u00a0\u00bb4_4&Prime;][et_pb_text _builder_version=\u00a0\u00bb3.29.3&Prime; text_orientation=\u00a0\u00bbjustified\u00a0\u00bb hover_enabled=\u00a0\u00bb0&Prime;]Le nettoyage est simple, il faut plonger dans l&rsquo;eau froide ozonis\u00e9 pendant six minutes toute sorte de l\u00e9gumes, fruits, poissons, crustac\u00e9s, viandes tels que le chou, la carotte, le concombre, la laitue, les \u00e9pinards, l&rsquo;aubergin, le poivron, la pomme de terre, la tomate, la pomme, la poire, le raisin, la p\u00eache, les coquillages, le poisson, les viandes, etc.[\/et_pb_text][\/et_pb_column][\/et_pb_row][et_pb_row _builder_version=\u00a0\u00bb3.29.3&Prime; column_structure=\u00a0\u00bb1_2,1_2&Prime; custom_padding=\u00a0\u00bb21px||24px|||\u00a0\u00bb][et_pb_column _builder_version=\u00a0\u00bb3.29.3&Prime; type=\u00a0\u00bb1_2&Prime;][et_pb_image src=\u00a0\u00bbhttps:\/\/deshumidifications.com\/wp-content\/uploads\/2021\/02\/ozone-2.jpg\u00a0\u00bb _builder_version=\u00a0\u00bb3.29.3&Prime; hover_enabled=\u00a0\u00bb0&Prime;][\/et_pb_image][\/et_pb_column][et_pb_column _builder_version=\u00a0\u00bb3.29.3&Prime; type=\u00a0\u00bb1_2&Prime;][et_pb_image src=\u00a0\u00bbhttps:\/\/deshumidifications.com\/wp-content\/uploads\/2021\/02\/jj-1.jpg\u00a0\u00bb _builder_version=\u00a0\u00bb3.29.3&Prime; hover_enabled=\u00a0\u00bb0&Prime; custom_margin=\u00a0\u00bb||9px|||\u00a0\u00bb][\/et_pb_image][et_pb_text _builder_version=\u00a0\u00bb3.29.3&Prime; text_orientation=\u00a0\u00bbjustified\u00a0\u00bb hover_enabled=\u00a0\u00bb0&Prime;]<\/p>\n<p>L&rsquo;ozone est non-toxique, ne laisse aucune trace ou r\u00e9sidu chimique et gustative \u00e0 la diff\u00e9rence de d\u00e9sinfectants \u00e0 la base de chlore avec l&rsquo;apparition de produits organochlor\u00e9s qui peuvent \u00eatre canc\u00e9rig\u00e8nes du fait que la mati\u00e8re organique produit de sous-produits toxiques halog\u00e8nes comme le chloroforme<\/p>\n<p>[\/et_pb_text][\/et_pb_column][\/et_pb_row][et_pb_row _builder_version=\u00a0\u00bb3.29.3&Prime; column_structure=\u00a0\u00bb1_2,1_2&Prime; custom_padding=\u00a0\u00bb||3px|||\u00a0\u00bb][et_pb_column _builder_version=\u00a0\u00bb3.29.3&Prime; type=\u00a0\u00bb1_2&Prime;][et_pb_image src=\u00a0\u00bbhttps:\/\/deshumidifications.com\/wp-content\/uploads\/2021\/02\/OZONISATEUR-RESTAURANT-3.jpg\u00a0\u00bb _builder_version=\u00a0\u00bb3.29.3&Prime; hover_enabled=\u00a0\u00bb0&Prime;][\/et_pb_image][\/et_pb_column][et_pb_column _builder_version=\u00a0\u00bb3.29.3&Prime; type=\u00a0\u00bb1_2&Prime;][et_pb_text _builder_version=\u00a0\u00bb3.29.3&Prime; hover_enabled=\u00a0\u00bb0&Prime; custom_padding=\u00a0\u00bb8px|0px|3px|0px|false|false\u00a0\u00bb custom_margin=\u00a0\u00bb|||0px|false|false\u00a0\u00bb text_letter_spacing=\u00a0\u00bb1px\u00a0\u00bb text_line_height=\u00a0\u00bb1.8em\u00a0\u00bb]<\/p>\n<h2 style=\"text-align: left;\"><strong>&#8211; Restaurants<\/strong><\/h2>\n<h2 style=\"text-align: left;\"><strong> &#8211; H\u00f4pitaux<br \/> &#8211; Cliniques<br \/> &#8211; Cantines collectivit\u00e9s<br \/> &#8211; Maisons de retraite<br \/> &#8211; Usines agroalimentaire<br \/> &#8211; Traiteurs<br \/> &#8211; Sandwicherie<br \/>\u00a0 \u00a0etc&#8230;<\/strong><\/h2>\n<p>[\/et_pb_text][\/et_pb_column][\/et_pb_row][et_pb_row _builder_version=\u00a0\u00bb3.29.3&Prime; custom_padding=\u00a0\u00bb25px||22px|||\u00a0\u00bb][et_pb_column _builder_version=\u00a0\u00bb3.29.3&Prime; type=\u00a0\u00bb4_4&Prime;][et_pb_text _builder_version=\u00a0\u00bb3.29.3&Prime; hover_enabled=\u00a0\u00bb0&Prime;]Installation : Il peut \u00eatre connect\u00e9 facilment, 4 vis a fixer, une prise \u00e9lectrique \u00e0 brancher et votre machine est op\u00e9rationnelle pour des longues ann\u00e9es.[\/et_pb_text][\/et_pb_column][\/et_pb_row][et_pb_row _builder_version=\u00a0\u00bb3.29.3&Prime; column_structure=\u00a0\u00bb1_2,1_2&Prime; custom_padding=\u00a0\u00bb20px|||||\u00a0\u00bb][et_pb_column _builder_version=\u00a0\u00bb3.29.3&Prime; type=\u00a0\u00bb1_2&Prime;][et_pb_image src=\u00a0\u00bbhttps:\/\/deshumidifications.com\/wp-content\/uploads\/2021\/02\/OXIO-11.jpg\u00a0\u00bb _builder_version=\u00a0\u00bb3.29.3&Prime; hover_enabled=\u00a0\u00bb0&Prime;][\/et_pb_image][et_pb_text _builder_version=\u00a0\u00bb3.29.3&Prime; text_orientation=\u00a0\u00bbjustified\u00a0\u00bb hover_enabled=\u00a0\u00bb0&Prime;]<\/p>\n<p>Cette technique centenaire qu&rsquo;est l&rsquo;OZONISATION s&rsquo;applique dans les centrales de traitement des eaux en France et avec de milliers d&rsquo;installations dans le monde.<\/p>\n<p>Des ann\u00e9es de recherche et de d\u00e9veloppement ont permis am\u00e9liorer de plus de 300% la performance des premiers ozoneurs sur les qualit\u00e9s organoleptiques de l&rsquo;eau puis les propri\u00e9t\u00e9s bact\u00e9ricides et virulicides qui ont \u00e9t\u00e9 privil\u00e9gi\u00e9es.<\/p>\n<p>L&rsquo;ozone tue la bact\u00e9rie via une rupture de la membrane cellulaire, en revanche, le chlore doit s&rsquo;introduire \u00e0 travers la paroi cellulaire de la bact\u00e9rie et se diffuser dans le cytoplasme, action qui d\u00e9pend en grande partie du temps de contact.<\/p>\n<p>[\/et_pb_text][\/et_pb_column][et_pb_column _builder_version=\u00a0\u00bb3.29.3&Prime; type=\u00a0\u00bb1_2&Prime;][et_pb_image src=\u00a0\u00bbhttps:\/\/deshumidifications.com\/wp-content\/uploads\/2021\/02\/OZONISATEUR-RESTAURANT.jpg\u00a0\u00bb _builder_version=\u00a0\u00bb3.29.3&Prime; hover_enabled=\u00a0\u00bb0&Prime;][\/et_pb_image][\/et_pb_column][\/et_pb_row][\/et_pb_section]<\/p>\n","protected":false},"excerpt":{"rendered":"<p>[et_pb_section fb_built=\u00a0\u00bb1&Prime; _builder_version=\u00a0\u00bb3.29.3&Prime; background_image=\u00a0\u00bbhttps:\/\/deshumidifications.com\/wp-content\/uploads\/2021\/02\/ozone1.jpg\u00a0\u00bb hover_enabled=\u00a0\u00bb0&Prime;][et_pb_row _builder_version=\u00a0\u00bb3.29.3&Prime; custom_padding=\u00a0\u00bb12px|||||\u00a0\u00bb][et_pb_column _builder_version=\u00a0\u00bb3.29.3&Prime; type=\u00a0\u00bb4_4&Prime;][et_pb_text _builder_version=\u00a0\u00bb3.29.3&Prime; hover_enabled=\u00a0\u00bb0&Prime; custom_padding=\u00a0\u00bb3px||||false|false\u00a0\u00bb custom_margin=\u00a0\u00bb0px||-40px||false|false\u00a0\u00bb] LAVAGE ET DECONTAMINATION PAR OZONE[\/et_pb_text][\/et_pb_column][\/et_pb_row][\/et_pb_section][et_pb_section fb_built=\u00a0\u00bb1&Prime; _builder_version=\u00a0\u00bb3.29.3&Prime; custom_padding=\u00a0\u00bb33px|||||\u00a0\u00bb][et_pb_row _builder_version=\u00a0\u00bb3.29.3&Prime; custom_padding=\u00a0\u00bb0px||8px|||\u00a0\u00bb][et_pb_column _builder_version=\u00a0\u00bb3.29.3&Prime; type=\u00a0\u00bb4_4&Prime;][et_pb_text _builder_version=\u00a0\u00bb3.29.3&Prime; hover_enabled=\u00a0\u00bb0&Prime;] DESTRUCTION DES BACTERIES PATHOGENES, NANOS &#8211; VIRUS, LES SPORES LES CHAMPIGNONS, NEUTRALISE LES SUBSTANCES CHIMIQUES TOXIQUES ET LES RESIDUS DE PESTICIDES PRESENTES DANS LE FRUITS ET LEGUMES [\/et_pb_text][\/et_pb_column][\/et_pb_row][et_pb_row [&hellip;]<\/p>\n","protected":false},"author":1,"featured_media":0,"parent":0,"menu_order":0,"comment_status":"closed","ping_status":"closed","template":"","meta":{"_et_pb_use_builder":"on","_et_pb_old_content":"","footnotes":""},"_links":{"self":[{"href":"https:\/\/deshumidifications.com\/index.php\/wp-json\/wp\/v2\/pages\/1364"}],"collection":[{"href":"https:\/\/deshumidifications.com\/index.php\/wp-json\/wp\/v2\/pages"}],"about":[{"href":"https:\/\/deshumidifications.com\/index.php\/wp-json\/wp\/v2\/types\/page"}],"author":[{"embeddable":true,"href":"https:\/\/deshumidifications.com\/index.php\/wp-json\/wp\/v2\/users\/1"}],"replies":[{"embeddable":true,"href":"https:\/\/deshumidifications.com\/index.php\/wp-json\/wp\/v2\/comments?post=1364"}],"version-history":[{"count":3,"href":"https:\/\/deshumidifications.com\/index.php\/wp-json\/wp\/v2\/pages\/1364\/revisions"}],"predecessor-version":[{"id":1384,"href":"https:\/\/deshumidifications.com\/index.php\/wp-json\/wp\/v2\/pages\/1364\/revisions\/1384"}],"wp:attachment":[{"href":"https:\/\/deshumidifications.com\/index.php\/wp-json\/wp\/v2\/media?parent=1364"}],"curies":[{"name":"wp","href":"https:\/\/api.w.org\/{rel}","templated":true}]}}