{"id":27,"date":"2020-11-11T12:58:03","date_gmt":"2020-11-11T11:58:03","guid":{"rendered":"http:\/\/deshumidifications.com\/?page_id=27"},"modified":"2025-09-24T11:52:50","modified_gmt":"2025-09-24T09:52:50","slug":"accueil","status":"publish","type":"page","link":"https:\/\/deshumidifications.com\/","title":{"rendered":"Accueil"},"content":{"rendered":"<p>[et_pb_section fb_built=\u00a0\u00bb1&Prime; _builder_version=\u00a0\u00bb3.29.3&Prime; background_color=\u00a0\u00bb#0c71c3&Prime; fb_built=\u00a0\u00bb1&Prime; _i=\u00a0\u00bb0&Prime; _address=\u00a0\u00bb0&Prime;][et_pb_row _builder_version=\u00a0\u00bb3.29.3&Prime; _i=\u00a0\u00bb0&Prime; _address=\u00a0\u00bb0.0&Prime;][et_pb_column type=\u00a0\u00bb4_4&Prime; _builder_version=\u00a0\u00bb3.29.3&Prime; _i=\u00a0\u00bb0&Prime; _address=\u00a0\u00bb0.0.0&Prime;][et_pb_image src=\u00a0\u00bbhttps:\/\/deshumidifications.com\/wp-content\/uploads\/2021\/07\/bandeau-menu-1.jpg\u00a0\u00bb _builder_version=\u00a0\u00bb3.29.3&Prime; hover_enabled=\u00a0\u00bb0&Prime; _i=\u00a0\u00bb0&Prime; _address=\u00a0\u00bb0.0.0.0&Prime; admin_label=\u00a0\u00bbImage\u00a0\u00bb][\/et_pb_image][\/et_pb_column][\/et_pb_row][\/et_pb_section][et_pb_section fb_built=\u00a0\u00bb1&Prime; _builder_version=\u00a0\u00bb3.29.3&Prime; background_enable_image=\u00a0\u00bboff\u00a0\u00bb custom_padding=\u00a0\u00bb3px||46px|||\u00a0\u00bb fb_built=\u00a0\u00bb1&Prime; _i=\u00a0\u00bb1&Prime; _address=\u00a0\u00bb1&Prime;][et_pb_row _builder_version=\u00a0\u00bb3.29.3&Prime; module_alignment=\u00a0\u00bbcenter\u00a0\u00bb custom_padding=\u00a0\u00bb2px||22px|||\u00a0\u00bb _i=\u00a0\u00bb0&Prime; _address=\u00a0\u00bb1.0&Prime;][et_pb_column type=\u00a0\u00bb4_4&Prime; _builder_version=\u00a0\u00bb3.29.3&Prime; _i=\u00a0\u00bb0&Prime; _address=\u00a0\u00bb1.0.0&Prime;][et_pb_text _builder_version=\u00a0\u00bb3.29.3&Prime; text_font=\u00a0\u00bbAbel||||||||\u00a0\u00bb text_text_color=\u00a0\u00bb#0c71c3&Prime; text_font_size=\u00a0\u00bb15px\u00a0\u00bb text_orientation=\u00a0\u00bbcenter\u00a0\u00bb _i=\u00a0\u00bb0&Prime; _address=\u00a0\u00bb1.0.0.0&Prime;]<\/p>\n<h2 style=\"text-align: center;\"><strong>Fabricant &#8211; Constructeur en France<\/strong><\/h2>\n<p>[\/et_pb_text][\/et_pb_column][\/et_pb_row][et_pb_row _builder_version=\u00a0\u00bb3.29.3&Prime; custom_padding=\u00a0\u00bb4px||7px|||\u00a0\u00bb _i=\u00a0\u00bb1&Prime; _address=\u00a0\u00bb1.1&Prime;][et_pb_column type=\u00a0\u00bb4_4&Prime; _builder_version=\u00a0\u00bb3.29.3&Prime; _i=\u00a0\u00bb0&Prime; _address=\u00a0\u00bb1.1.0&Prime;][et_pb_text _builder_version=\u00a0\u00bb3.29.3&Prime; _i=\u00a0\u00bb0&Prime; _address=\u00a0\u00bb1.1.0.0&Prime;]<\/p>\n<p style=\"padding-left: 30px;\">Fabrication de d\u00e9shumidificateurs d&rsquo;air semi-industriels et industriels, pour l&rsquo;Agroalimentaire,\u00a0 s\u00e9chage agricole (bois, c\u00e9r\u00e9ales&#8230;) et pour le traitement de d\u00e9contamination par l&rsquo;ozone ou photocatalyse.<br \/>\nTous nos appareils sont fabriqu\u00e9s en france et sur mesure, adapt\u00e9s \u00e0 vos besoins sp\u00e9cifiques.<\/p>\n<p>[\/et_pb_text][\/et_pb_column][\/et_pb_row][et_pb_row _builder_version=\u00a0\u00bb3.29.3&Prime; custom_padding=\u00a0\u00bb30px||14px|||\u00a0\u00bb _i=\u00a0\u00bb2&Prime; _address=\u00a0\u00bb1.2&Prime;][et_pb_column type=\u00a0\u00bb4_4&Prime; _builder_version=\u00a0\u00bb3.29.3&Prime; _i=\u00a0\u00bb0&Prime; _address=\u00a0\u00bb1.2.0&Prime;][et_pb_text _builder_version=\u00a0\u00bb3.29.3&Prime; text_font=\u00a0\u00bbAbel||||||||\u00a0\u00bb _i=\u00a0\u00bb0&Prime; _address=\u00a0\u00bb1.2.0.0&Prime;]<\/p>\n<h3 style=\"text-align: left;\"><strong>Applications<\/strong><\/h3>\n<p>[\/et_pb_text][\/et_pb_column][\/et_pb_row][et_pb_row _builder_version=\u00a0\u00bb3.29.3&Prime; _i=\u00a0\u00bb3&Prime; _address=\u00a0\u00bb1.3&Prime;][et_pb_column type=\u00a0\u00bb4_4&Prime; _builder_version=\u00a0\u00bb3.29.3&Prime; _i=\u00a0\u00bb0&Prime; _address=\u00a0\u00bb1.3.0&Prime;][et_pb_image src=\u00a0\u00bbhttps:\/\/deshumidifications.com\/wp-content\/uploads\/2021\/07\/LABORATOIRE-2.jpg\u00a0\u00bb _builder_version=\u00a0\u00bb3.29.3&Prime; hover_enabled=\u00a0\u00bb0&Prime; _i=\u00a0\u00bb0&Prime; _address=\u00a0\u00bb1.3.0.0&Prime;][\/et_pb_image][et_pb_image src=\u00a0\u00bbhttps:\/\/deshumidifications.com\/wp-content\/uploads\/2021\/07\/agroalimentaire.jpg\u00a0\u00bb _builder_version=\u00a0\u00bb3.29.3&Prime; hover_enabled=\u00a0\u00bb0&Prime; _i=\u00a0\u00bb1&Prime; _address=\u00a0\u00bb1.3.0.1&Prime;][\/et_pb_image][et_pb_image src=\u00a0\u00bbhttps:\/\/deshumidifications.com\/wp-content\/uploads\/2021\/07\/sechage_.jpg\u00a0\u00bb _builder_version=\u00a0\u00bb3.29.3&Prime; hover_enabled=\u00a0\u00bb0&Prime; _i=\u00a0\u00bb2&Prime; _address=\u00a0\u00bb1.3.0.2&Prime; admin_label=\u00a0\u00bbImage\u00a0\u00bb][\/et_pb_image][et_pb_image src=\u00a0\u00bbhttps:\/\/deshumidifications.com\/wp-content\/uploads\/2021\/07\/PHOTOCATALYSE.jpg\u00a0\u00bb _builder_version=\u00a0\u00bb3.29.3&Prime; hover_enabled=\u00a0\u00bb0&Prime; _i=\u00a0\u00bb3&Prime; _address=\u00a0\u00bb1.3.0.3&Prime; admin_label=\u00a0\u00bbImage\u00a0\u00bb column_structure=\u00a0\u00bb4_4&Prime;][\/et_pb_image][\/et_pb_column][\/et_pb_row][et_pb_row _builder_version=\u00a0\u00bb3.29.3&Prime; custom_padding=\u00a0\u00bb5px||5px|||\u00a0\u00bb _i=\u00a0\u00bb4&Prime; _address=\u00a0\u00bb1.4&Prime;][et_pb_column type=\u00a0\u00bb4_4&Prime; _builder_version=\u00a0\u00bb3.29.3&Prime; _i=\u00a0\u00bb0&Prime; _address=\u00a0\u00bb1.4.0&Prime;][et_pb_text _builder_version=\u00a0\u00bb3.29.3&Prime; text_font=\u00a0\u00bbAbel||||||||\u00a0\u00bb hover_enabled=\u00a0\u00bb0&Prime; box_shadow_style=\u00a0\u00bbpreset3&Prime; _i=\u00a0\u00bb0&Prime; _address=\u00a0\u00bb1.4.0.0&Prime;]<\/p>\n<h3 style=\"text-align: center;\"><strong>Nos clients<\/strong><\/h3>\n<p>[\/et_pb_text][\/et_pb_column][\/et_pb_row][et_pb_row column_structure=\u00a0\u00bb1_5,1_5,1_5,1_5,1_5&Prime; _builder_version=\u00a0\u00bb3.29.3&Prime; _i=\u00a0\u00bb5&Prime; _address=\u00a0\u00bb1.5&Prime;][et_pb_column type=\u00a0\u00bb1_5&Prime; _builder_version=\u00a0\u00bb3.29.3&Prime; _i=\u00a0\u00bb0&Prime; _address=\u00a0\u00bb1.5.0&Prime;][et_pb_image src=\u00a0\u00bbhttps:\/\/deshumidifications.com\/wp-content\/uploads\/2020\/11\/armee-de-terre.png\u00a0\u00bb align=\u00a0\u00bbcenter\u00a0\u00bb _builder_version=\u00a0\u00bb3.29.3&Prime; hover_enabled=\u00a0\u00bb0&Prime; _i=\u00a0\u00bb0&Prime; _address=\u00a0\u00bb1.5.0.0&Prime;][\/et_pb_image][\/et_pb_column][et_pb_column type=\u00a0\u00bb1_5&Prime; _builder_version=\u00a0\u00bb3.29.3&Prime; _i=\u00a0\u00bb1&Prime; _address=\u00a0\u00bb1.5.1&Prime;][et_pb_image src=\u00a0\u00bbhttps:\/\/deshumidifications.com\/wp-content\/uploads\/2020\/11\/armee.png\u00a0\u00bb align=\u00a0\u00bbcenter\u00a0\u00bb _builder_version=\u00a0\u00bb3.29.3&Prime; hover_enabled=\u00a0\u00bb0&Prime; _i=\u00a0\u00bb0&Prime; _address=\u00a0\u00bb1.5.1.0&Prime;][\/et_pb_image][\/et_pb_column][et_pb_column type=\u00a0\u00bb1_5&Prime; _builder_version=\u00a0\u00bb3.29.3&Prime; _i=\u00a0\u00bb2&Prime; _address=\u00a0\u00bb1.5.2&Prime;][et_pb_image src=\u00a0\u00bbhttps:\/\/deshumidifications.com\/wp-content\/uploads\/2020\/11\/avocat-delphine-meillet.png\u00a0\u00bb align=\u00a0\u00bbcenter\u00a0\u00bb _builder_version=\u00a0\u00bb3.29.3&Prime; _i=\u00a0\u00bb0&Prime; _address=\u00a0\u00bb1.5.2.0&Prime;][\/et_pb_image][\/et_pb_column][et_pb_column type=\u00a0\u00bb1_5&Prime; _builder_version=\u00a0\u00bb3.29.3&Prime; _i=\u00a0\u00bb3&Prime; _address=\u00a0\u00bb1.5.3&Prime;][et_pb_image src=\u00a0\u00bbhttps:\/\/deshumidifications.com\/wp-content\/uploads\/2020\/11\/boostec.png\u00a0\u00bb align=\u00a0\u00bbcenter\u00a0\u00bb _builder_version=\u00a0\u00bb3.29.3&Prime; hover_enabled=\u00a0\u00bb0&Prime; _i=\u00a0\u00bb0&Prime; _address=\u00a0\u00bb1.5.3.0&Prime;][\/et_pb_image][\/et_pb_column][et_pb_column type=\u00a0\u00bb1_5&Prime; _builder_version=\u00a0\u00bb3.29.3&Prime; _i=\u00a0\u00bb4&Prime; _address=\u00a0\u00bb1.5.4&Prime;][et_pb_image src=\u00a0\u00bbhttps:\/\/deshumidifications.com\/wp-content\/uploads\/2020\/11\/laure-van-gaver.png\u00a0\u00bb align=\u00a0\u00bbcenter\u00a0\u00bb _builder_version=\u00a0\u00bb3.29.3&Prime; hover_enabled=\u00a0\u00bb0&Prime; _i=\u00a0\u00bb0&Prime; _address=\u00a0\u00bb1.5.4.0&Prime;][\/et_pb_image][\/et_pb_column][\/et_pb_row][et_pb_row column_structure=\u00a0\u00bb1_5,1_5,1_5,1_5,1_5&Prime; _builder_version=\u00a0\u00bb3.29.3&Prime; _i=\u00a0\u00bb6&Prime; _address=\u00a0\u00bb1.6&Prime;][et_pb_column type=\u00a0\u00bb1_5&Prime; _builder_version=\u00a0\u00bb3.29.3&Prime; _i=\u00a0\u00bb0&Prime; _address=\u00a0\u00bb1.6.0&Prime;][et_pb_image src=\u00a0\u00bbhttps:\/\/deshumidifications.com\/wp-content\/uploads\/2020\/11\/bronzavia.png\u00a0\u00bb align=\u00a0\u00bbcenter\u00a0\u00bb _builder_version=\u00a0\u00bb3.29.3&Prime; _i=\u00a0\u00bb0&Prime; _address=\u00a0\u00bb1.6.0.0&Prime;][\/et_pb_image][\/et_pb_column][et_pb_column type=\u00a0\u00bb1_5&Prime; _builder_version=\u00a0\u00bb3.29.3&Prime; _i=\u00a0\u00bb1&Prime; _address=\u00a0\u00bb1.6.1&Prime;][et_pb_image src=\u00a0\u00bbhttps:\/\/deshumidifications.com\/wp-content\/uploads\/2020\/11\/cofely.png\u00a0\u00bb align=\u00a0\u00bbcenter\u00a0\u00bb _builder_version=\u00a0\u00bb3.29.3&Prime; _i=\u00a0\u00bb0&Prime; _address=\u00a0\u00bb1.6.1.0&Prime;][\/et_pb_image][\/et_pb_column][et_pb_column type=\u00a0\u00bb1_5&Prime; _builder_version=\u00a0\u00bb3.29.3&Prime; _i=\u00a0\u00bb2&Prime; _address=\u00a0\u00bb1.6.2&Prime;][et_pb_image src=\u00a0\u00bbhttps:\/\/deshumidifications.com\/wp-content\/uploads\/2020\/11\/edf.png\u00a0\u00bb align=\u00a0\u00bbcenter\u00a0\u00bb _builder_version=\u00a0\u00bb3.29.3&Prime; _i=\u00a0\u00bb0&Prime; _address=\u00a0\u00bb1.6.2.0&Prime;][\/et_pb_image][\/et_pb_column][et_pb_column type=\u00a0\u00bb1_5&Prime; _builder_version=\u00a0\u00bb3.29.3&Prime; _i=\u00a0\u00bb3&Prime; _address=\u00a0\u00bb1.6.3&Prime;][et_pb_image src=\u00a0\u00bbhttps:\/\/deshumidifications.com\/wp-content\/uploads\/2020\/11\/dr-gianfermi.png\u00a0\u00bb align=\u00a0\u00bbcenter\u00a0\u00bb _builder_version=\u00a0\u00bb3.29.3&Prime; _i=\u00a0\u00bb0&Prime; _address=\u00a0\u00bb1.6.3.0&Prime;][\/et_pb_image][\/et_pb_column][et_pb_column type=\u00a0\u00bb1_5&Prime; _builder_version=\u00a0\u00bb3.29.3&Prime; _i=\u00a0\u00bb4&Prime; _address=\u00a0\u00bb1.6.4&Prime;][et_pb_image src=\u00a0\u00bbhttps:\/\/deshumidifications.com\/wp-content\/uploads\/2020\/11\/wellna-concept.png\u00a0\u00bb align=\u00a0\u00bbcenter\u00a0\u00bb _builder_version=\u00a0\u00bb3.29.3&Prime; _i=\u00a0\u00bb0&Prime; _address=\u00a0\u00bb1.6.4.0&Prime;][\/et_pb_image][\/et_pb_column][\/et_pb_row][et_pb_row column_structure=\u00a0\u00bb1_5,1_5,1_5,1_5,1_5&Prime; _builder_version=\u00a0\u00bb3.29.3&Prime; _i=\u00a0\u00bb7&Prime; _address=\u00a0\u00bb1.7&Prime;][et_pb_column type=\u00a0\u00bb1_5&Prime; _builder_version=\u00a0\u00bb3.29.3&Prime; _i=\u00a0\u00bb0&Prime; _address=\u00a0\u00bb1.7.0&Prime;][et_pb_image src=\u00a0\u00bbhttps:\/\/deshumidifications.com\/wp-content\/uploads\/2020\/11\/union-europeenne.png\u00a0\u00bb align=\u00a0\u00bbcenter\u00a0\u00bb _builder_version=\u00a0\u00bb3.29.3&Prime; _i=\u00a0\u00bb0&Prime; _address=\u00a0\u00bb1.7.0.0&Prime;][\/et_pb_image][\/et_pb_column][et_pb_column type=\u00a0\u00bb1_5&Prime; _builder_version=\u00a0\u00bb3.29.3&Prime; _i=\u00a0\u00bb1&Prime; _address=\u00a0\u00bb1.7.1&Prime;][et_pb_image src=\u00a0\u00bbhttps:\/\/deshumidifications.com\/wp-content\/uploads\/2020\/11\/les-poissons-du-soleil.png\u00a0\u00bb align=\u00a0\u00bbcenter\u00a0\u00bb _builder_version=\u00a0\u00bb3.29.3&Prime; _i=\u00a0\u00bb0&Prime; _address=\u00a0\u00bb1.7.1.0&Prime;][\/et_pb_image][\/et_pb_column][et_pb_column type=\u00a0\u00bb1_5&Prime; _builder_version=\u00a0\u00bb3.29.3&Prime; _i=\u00a0\u00bb2&Prime; _address=\u00a0\u00bb1.7.2&Prime;][et_pb_image src=\u00a0\u00bbhttps:\/\/deshumidifications.com\/wp-content\/uploads\/2021\/07\/logo-cahn-wilson.jpg\u00a0\u00bb align=\u00a0\u00bbcenter\u00a0\u00bb _builder_version=\u00a0\u00bb3.29.3&Prime; _i=\u00a0\u00bb0&Prime; _address=\u00a0\u00bb1.7.2.0&Prime;][\/et_pb_image][\/et_pb_column][et_pb_column type=\u00a0\u00bb1_5&Prime; _builder_version=\u00a0\u00bb3.29.3&Prime; _i=\u00a0\u00bb3&Prime; _address=\u00a0\u00bb1.7.3&Prime;][et_pb_image src=\u00a0\u00bbhttps:\/\/deshumidifications.com\/wp-content\/uploads\/2020\/11\/lycee-marcel-cachin.png\u00a0\u00bb align=\u00a0\u00bbcenter\u00a0\u00bb _builder_version=\u00a0\u00bb3.29.3&Prime; _i=\u00a0\u00bb0&Prime; _address=\u00a0\u00bb1.7.3.0&Prime;][\/et_pb_image][\/et_pb_column][et_pb_column type=\u00a0\u00bb1_5&Prime; _builder_version=\u00a0\u00bb3.29.3&Prime; _i=\u00a0\u00bb4&Prime; _address=\u00a0\u00bb1.7.4&Prime;][et_pb_image src=\u00a0\u00bbhttps:\/\/deshumidifications.com\/wp-content\/uploads\/2021\/07\/th.jpg\u00a0\u00bb align=\u00a0\u00bbcenter\u00a0\u00bb _builder_version=\u00a0\u00bb3.29.3&Prime; _i=\u00a0\u00bb0&Prime; _address=\u00a0\u00bb1.7.4.0&Prime;][\/et_pb_image][\/et_pb_column][\/et_pb_row][et_pb_row column_structure=\u00a0\u00bb1_5,1_5,1_5,1_5,1_5&Prime; _builder_version=\u00a0\u00bb3.29.3&Prime; _i=\u00a0\u00bb8&Prime; _address=\u00a0\u00bb1.8&Prime;][et_pb_column type=\u00a0\u00bb1_5&Prime; _builder_version=\u00a0\u00bb3.29.3&Prime; _i=\u00a0\u00bb0&Prime; _address=\u00a0\u00bb1.8.0&Prime;][et_pb_image src=\u00a0\u00bbhttps:\/\/deshumidifications.com\/wp-content\/uploads\/2020\/11\/marine-nationale.png\u00a0\u00bb align=\u00a0\u00bbcenter\u00a0\u00bb _builder_version=\u00a0\u00bb3.29.3&Prime; _i=\u00a0\u00bb0&Prime; _address=\u00a0\u00bb1.8.0.0&Prime;][\/et_pb_image][\/et_pb_column][et_pb_column type=\u00a0\u00bb1_5&Prime; _builder_version=\u00a0\u00bb3.29.3&Prime; _i=\u00a0\u00bb1&Prime; _address=\u00a0\u00bb1.8.1&Prime;][et_pb_image src=\u00a0\u00bbhttps:\/\/deshumidifications.com\/wp-content\/uploads\/2020\/11\/caps-gym.png\u00a0\u00bb align=\u00a0\u00bbcenter\u00a0\u00bb _builder_version=\u00a0\u00bb3.29.3&Prime; _i=\u00a0\u00bb0&Prime; _address=\u00a0\u00bb1.8.1.0&Prime;][\/et_pb_image][\/et_pb_column][et_pb_column type=\u00a0\u00bb1_5&Prime; _builder_version=\u00a0\u00bb3.29.3&Prime; _i=\u00a0\u00bb2&Prime; _address=\u00a0\u00bb1.8.2&Prime;][et_pb_image src=\u00a0\u00bbhttps:\/\/deshumidifications.com\/wp-content\/uploads\/2020\/11\/lycee-greta-mti-93.png\u00a0\u00bb align=\u00a0\u00bbcenter\u00a0\u00bb _builder_version=\u00a0\u00bb3.29.3&Prime; _i=\u00a0\u00bb0&Prime; _address=\u00a0\u00bb1.8.2.0&Prime;][\/et_pb_image][\/et_pb_column][et_pb_column type=\u00a0\u00bb1_5&Prime; _builder_version=\u00a0\u00bb3.29.3&Prime; _i=\u00a0\u00bb3&Prime; _address=\u00a0\u00bb1.8.3&Prime;][et_pb_image src=\u00a0\u00bbhttps:\/\/deshumidifications.com\/wp-content\/uploads\/2021\/07\/logo-fedipat.png\u00a0\u00bb align=\u00a0\u00bbcenter\u00a0\u00bb _builder_version=\u00a0\u00bb3.29.3&Prime; _i=\u00a0\u00bb0&Prime; _address=\u00a0\u00bb1.8.3.0&Prime;][\/et_pb_image][\/et_pb_column][et_pb_column type=\u00a0\u00bb1_5&Prime; _builder_version=\u00a0\u00bb3.29.3&Prime; _i=\u00a0\u00bb4&Prime; _address=\u00a0\u00bb1.8.4&Prime;][et_pb_image src=\u00a0\u00bbhttps:\/\/deshumidifications.com\/wp-content\/uploads\/2020\/11\/ok-food.png\u00a0\u00bb align=\u00a0\u00bbcenter\u00a0\u00bb _builder_version=\u00a0\u00bb3.29.3&Prime; _i=\u00a0\u00bb0&Prime; _address=\u00a0\u00bb1.8.4.0&Prime;][\/et_pb_image][\/et_pb_column][\/et_pb_row][et_pb_row column_structure=\u00a0\u00bb1_5,1_5,1_5,1_5,1_5&Prime; _builder_version=\u00a0\u00bb3.29.3&Prime; _i=\u00a0\u00bb9&Prime; _address=\u00a0\u00bb1.9&Prime;][et_pb_column type=\u00a0\u00bb1_5&Prime; _builder_version=\u00a0\u00bb3.29.3&Prime; _i=\u00a0\u00bb0&Prime; _address=\u00a0\u00bb1.9.0&Prime;][et_pb_image src=\u00a0\u00bbhttps:\/\/deshumidifications.com\/wp-content\/uploads\/2020\/11\/snohetta.png\u00a0\u00bb align=\u00a0\u00bbcenter\u00a0\u00bb _builder_version=\u00a0\u00bb3.29.3&Prime; _i=\u00a0\u00bb0&Prime; _address=\u00a0\u00bb1.9.0.0&Prime;][\/et_pb_image][\/et_pb_column][et_pb_column type=\u00a0\u00bb1_5&Prime; _builder_version=\u00a0\u00bb3.29.3&Prime; _i=\u00a0\u00bb1&Prime; _address=\u00a0\u00bb1.9.1&Prime;][et_pb_image src=\u00a0\u00bbhttps:\/\/deshumidifications.com\/wp-content\/uploads\/2020\/11\/potager-city.png\u00a0\u00bb align=\u00a0\u00bbcenter\u00a0\u00bb _builder_version=\u00a0\u00bb3.29.3&Prime; _i=\u00a0\u00bb0&Prime; _address=\u00a0\u00bb1.9.1.0&Prime;][\/et_pb_image][\/et_pb_column][et_pb_column type=\u00a0\u00bb1_5&Prime; _builder_version=\u00a0\u00bb3.29.3&Prime; _i=\u00a0\u00bb2&Prime; _address=\u00a0\u00bb1.9.2&Prime;][et_pb_image src=\u00a0\u00bbhttps:\/\/deshumidifications.com\/wp-content\/uploads\/2020\/11\/green-reso.png\u00a0\u00bb align=\u00a0\u00bbcenter\u00a0\u00bb _builder_version=\u00a0\u00bb3.29.3&Prime; _i=\u00a0\u00bb0&Prime; _address=\u00a0\u00bb1.9.2.0&Prime;][\/et_pb_image][\/et_pb_column][et_pb_column type=\u00a0\u00bb1_5&Prime; _builder_version=\u00a0\u00bb3.29.3&Prime; _i=\u00a0\u00bb3&Prime; _address=\u00a0\u00bb1.9.3&Prime;][et_pb_image src=\u00a0\u00bbhttps:\/\/deshumidifications.com\/wp-content\/uploads\/2020\/11\/cedric-export-afrique-1.png\u00a0\u00bb align=\u00a0\u00bbcenter\u00a0\u00bb _builder_version=\u00a0\u00bb3.29.3&Prime; _i=\u00a0\u00bb0&Prime; _address=\u00a0\u00bb1.9.3.0&Prime;][\/et_pb_image][\/et_pb_column][et_pb_column type=\u00a0\u00bb1_5&Prime; _builder_version=\u00a0\u00bb3.29.3&Prime; _i=\u00a0\u00bb4&Prime; _address=\u00a0\u00bb1.9.4&Prime;][et_pb_image src=\u00a0\u00bbhttps:\/\/deshumidifications.com\/wp-content\/uploads\/2020\/11\/france-telecom-1.png\u00a0\u00bb align=\u00a0\u00bbcenter\u00a0\u00bb _builder_version=\u00a0\u00bb3.29.3&Prime; _i=\u00a0\u00bb0&Prime; _address=\u00a0\u00bb1.9.4.0&Prime;][\/et_pb_image][\/et_pb_column][\/et_pb_row][et_pb_row column_structure=\u00a0\u00bb1_5,1_5,1_5,1_5,1_5&Prime; _builder_version=\u00a0\u00bb3.29.3&Prime; _i=\u00a0\u00bb10&Prime; _address=\u00a0\u00bb1.10&Prime;][et_pb_column type=\u00a0\u00bb1_5&Prime; _builder_version=\u00a0\u00bb3.29.3&Prime; _i=\u00a0\u00bb0&Prime; _address=\u00a0\u00bb1.10.0&Prime;][et_pb_image src=\u00a0\u00bbhttps:\/\/deshumidifications.com\/wp-content\/uploads\/2020\/11\/iris-pharma-1.png\u00a0\u00bb align=\u00a0\u00bbcenter\u00a0\u00bb _builder_version=\u00a0\u00bb3.29.3&Prime; _i=\u00a0\u00bb0&Prime; _address=\u00a0\u00bb1.10.0.0&Prime;][\/et_pb_image][\/et_pb_column][et_pb_column type=\u00a0\u00bb1_5&Prime; _builder_version=\u00a0\u00bb3.29.3&Prime; _i=\u00a0\u00bb1&Prime; _address=\u00a0\u00bb1.10.1&Prime;][et_pb_image src=\u00a0\u00bbhttps:\/\/deshumidifications.com\/wp-content\/uploads\/2020\/11\/fritec-1.png\u00a0\u00bb align=\u00a0\u00bbcenter\u00a0\u00bb _builder_version=\u00a0\u00bb3.29.3&Prime; _i=\u00a0\u00bb0&Prime; _address=\u00a0\u00bb1.10.1.0&Prime;][\/et_pb_image][\/et_pb_column][et_pb_column type=\u00a0\u00bb1_5&Prime; _builder_version=\u00a0\u00bb3.29.3&Prime; _i=\u00a0\u00bb2&Prime; _address=\u00a0\u00bb1.10.2&Prime;][et_pb_image src=\u00a0\u00bbhttps:\/\/deshumidifications.com\/wp-content\/uploads\/2020\/11\/idex.png\u00a0\u00bb align=\u00a0\u00bbcenter\u00a0\u00bb _builder_version=\u00a0\u00bb3.29.3&Prime; _i=\u00a0\u00bb0&Prime; _address=\u00a0\u00bb1.10.2.0&Prime;][\/et_pb_image][\/et_pb_column][et_pb_column type=\u00a0\u00bb1_5&Prime; _builder_version=\u00a0\u00bb3.29.3&Prime; _i=\u00a0\u00bb3&Prime; _address=\u00a0\u00bb1.10.3&Prime;][et_pb_image src=\u00a0\u00bbhttps:\/\/deshumidifications.com\/wp-content\/uploads\/2020\/11\/initial-1.png\u00a0\u00bb align=\u00a0\u00bbcenter\u00a0\u00bb _builder_version=\u00a0\u00bb3.29.3&Prime; _i=\u00a0\u00bb0&Prime; _address=\u00a0\u00bb1.10.3.0&Prime;][\/et_pb_image][\/et_pb_column][et_pb_column type=\u00a0\u00bb1_5&Prime; _builder_version=\u00a0\u00bb3.29.3&Prime; _i=\u00a0\u00bb4&Prime; _address=\u00a0\u00bb1.10.4&Prime;][\/et_pb_column][\/et_pb_row][et_pb_row _builder_version=\u00a0\u00bb3.29.3&Prime; module_alignment=\u00a0\u00bbcenter\u00a0\u00bb custom_padding=\u00a0\u00bb18px||7px|||\u00a0\u00bb _i=\u00a0\u00bb11&Prime; _address=\u00a0\u00bb1.11&Prime;][et_pb_column type=\u00a0\u00bb4_4&Prime; _builder_version=\u00a0\u00bb3.29.3&Prime; _i=\u00a0\u00bb0&Prime; _address=\u00a0\u00bb1.11.0&Prime;][et_pb_text _builder_version=\u00a0\u00bb3.29.3&Prime; inline_fonts=\u00a0\u00bbContent\u00a0\u00bb _i=\u00a0\u00bb0&Prime; _address=\u00a0\u00bb1.11.0.0&Prime;]<\/p>\n<h3 class=\"p1\" style=\"text-align: center;\"><span style=\"font-family: Content; font-weight: normal; color: #808080;\"><strong><em>La philosophie de notre action industrielle se d\u00e9veloppe autour du respect de l\u2019environnement et de l\u2019\u00e9tablissement de partenariats durables avec les professionnels.<\/em><\/strong><\/span><\/h3>\n<p>[\/et_pb_text][\/et_pb_column][\/et_pb_row][\/et_pb_section][et_pb_section fb_built=\u00a0\u00bb1&Prime; _builder_version=\u00a0\u00bb3.29.3&Prime; fb_built=\u00a0\u00bb1&Prime; _i=\u00a0\u00bb2&Prime; _address=\u00a0\u00bb2&Prime;][\/et_pb_section]<\/p>\n","protected":false},"excerpt":{"rendered":"<p>[et_pb_section fb_built=\u00a0\u00bb1&Prime; _builder_version=\u00a0\u00bb3.29.3&Prime; background_color=\u00a0\u00bb#0c71c3&Prime; fb_built=\u00a0\u00bb1&Prime; _i=\u00a0\u00bb0&Prime; _address=\u00a0\u00bb0&Prime;][et_pb_row _builder_version=\u00a0\u00bb3.29.3&Prime; _i=\u00a0\u00bb0&Prime; _address=\u00a0\u00bb0.0&Prime;][et_pb_column type=\u00a0\u00bb4_4&Prime; _builder_version=\u00a0\u00bb3.29.3&Prime; _i=\u00a0\u00bb0&Prime; _address=\u00a0\u00bb0.0.0&Prime;][et_pb_image src=\u00a0\u00bbhttps:\/\/deshumidifications.com\/wp-content\/uploads\/2021\/07\/bandeau-menu-1.jpg\u00a0\u00bb _builder_version=\u00a0\u00bb3.29.3&Prime; hover_enabled=\u00a0\u00bb0&Prime; _i=\u00a0\u00bb0&Prime; _address=\u00a0\u00bb0.0.0.0&Prime; admin_label=\u00a0\u00bbImage\u00a0\u00bb][\/et_pb_image][\/et_pb_column][\/et_pb_row][\/et_pb_section][et_pb_section fb_built=\u00a0\u00bb1&Prime; _builder_version=\u00a0\u00bb3.29.3&Prime; background_enable_image=\u00a0\u00bboff\u00a0\u00bb custom_padding=\u00a0\u00bb3px||46px|||\u00a0\u00bb fb_built=\u00a0\u00bb1&Prime; _i=\u00a0\u00bb1&Prime; _address=\u00a0\u00bb1&Prime;][et_pb_row _builder_version=\u00a0\u00bb3.29.3&Prime; module_alignment=\u00a0\u00bbcenter\u00a0\u00bb custom_padding=\u00a0\u00bb2px||22px|||\u00a0\u00bb _i=\u00a0\u00bb0&Prime; _address=\u00a0\u00bb1.0&Prime;][et_pb_column type=\u00a0\u00bb4_4&Prime; _builder_version=\u00a0\u00bb3.29.3&Prime; _i=\u00a0\u00bb0&Prime; _address=\u00a0\u00bb1.0.0&Prime;][et_pb_text _builder_version=\u00a0\u00bb3.29.3&Prime; text_font=\u00a0\u00bbAbel||||||||\u00a0\u00bb text_text_color=\u00a0\u00bb#0c71c3&Prime; text_font_size=\u00a0\u00bb15px\u00a0\u00bb text_orientation=\u00a0\u00bbcenter\u00a0\u00bb _i=\u00a0\u00bb0&Prime; _address=\u00a0\u00bb1.0.0.0&Prime;] Fabricant &#8211; Constructeur en France [\/et_pb_text][\/et_pb_column][\/et_pb_row][et_pb_row _builder_version=\u00a0\u00bb3.29.3&Prime; custom_padding=\u00a0\u00bb4px||7px|||\u00a0\u00bb _i=\u00a0\u00bb1&Prime; _address=\u00a0\u00bb1.1&Prime;][et_pb_column type=\u00a0\u00bb4_4&Prime; _builder_version=\u00a0\u00bb3.29.3&Prime; [&hellip;]<\/p>\n","protected":false},"author":1,"featured_media":0,"parent":0,"menu_order":0,"comment_status":"closed","ping_status":"closed","template":"","meta":{"_et_pb_use_builder":"on","_et_pb_old_content":"","footnotes":""},"_links":{"self":[{"href":"https:\/\/deshumidifications.com\/index.php\/wp-json\/wp\/v2\/pages\/27"}],"collection":[{"href":"https:\/\/deshumidifications.com\/index.php\/wp-json\/wp\/v2\/pages"}],"about":[{"href":"https:\/\/deshumidifications.com\/index.php\/wp-json\/wp\/v2\/types\/page"}],"author":[{"embeddable":true,"href":"https:\/\/deshumidifications.com\/index.php\/wp-json\/wp\/v2\/users\/1"}],"replies":[{"embeddable":true,"href":"https:\/\/deshumidifications.com\/index.php\/wp-json\/wp\/v2\/comments?post=27"}],"version-history":[{"count":88,"href":"https:\/\/deshumidifications.com\/index.php\/wp-json\/wp\/v2\/pages\/27\/revisions"}],"predecessor-version":[{"id":1856,"href":"https:\/\/deshumidifications.com\/index.php\/wp-json\/wp\/v2\/pages\/27\/revisions\/1856"}],"wp:attachment":[{"href":"https:\/\/deshumidifications.com\/index.php\/wp-json\/wp\/v2\/media?parent=27"}],"curies":[{"name":"wp","href":"https:\/\/api.w.org\/{rel}","templated":true}]}}