{"id":34,"date":"2020-11-11T13:08:25","date_gmt":"2020-11-11T12:08:25","guid":{"rendered":"http:\/\/deshumidifications.com\/?page_id=34"},"modified":"2020-11-24T15:00:43","modified_gmt":"2020-11-24T14:00:43","slug":"deshumidification","status":"publish","type":"page","link":"https:\/\/deshumidifications.com\/index.php\/deshumidification\/","title":{"rendered":"D\u00e9shumidification"},"content":{"rendered":"<p>[et_pb_section fb_built=\u00a0\u00bb1&Prime; _builder_version=\u00a0\u00bb3.29.3&Prime; custom_padding=\u00a0\u00bb54px|||||\u00a0\u00bb fb_built=\u00a0\u00bb1&Prime; _i=\u00a0\u00bb0&Prime; _address=\u00a0\u00bb0&Prime;][et_pb_row _builder_version=\u00a0\u00bb3.29.3&Prime; background_color=\u00a0\u00bbrgba(0,0,0,0)\u00a0\u00bb min_height=\u00a0\u00bb82px\u00a0\u00bb custom_padding=\u00a0\u00bb1px||36px|||\u00a0\u00bb _i=\u00a0\u00bb0&Prime; _address=\u00a0\u00bb0.0&Prime;][et_pb_column type=\u00a0\u00bb4_4&Prime; _builder_version=\u00a0\u00bb3.29.3&Prime; _i=\u00a0\u00bb0&Prime; _address=\u00a0\u00bb0.0.0&Prime;][et_pb_text _builder_version=\u00a0\u00bb3.29.3&Prime; _i=\u00a0\u00bb0&Prime; _address=\u00a0\u00bb0.0.0.0&Prime;]<\/p>\n<p><strong>Notre savoir faire r\u00e9sultant d&rsquo;une longue exp\u00e9rience dans la fabrication, nos moyens techniques nous permettent d&rsquo;offrir \u00e0 nos clients une gamme de produits et de services de haut niveau, aux meilleures conditions de rapport qualit\u00e9 &#8211; prix<\/strong><\/p>\n<p>[\/et_pb_text][\/et_pb_column][\/et_pb_row][et_pb_row _builder_version=\u00a0\u00bb3.29.3&Prime; custom_padding=\u00a0\u00bb3px||16px|||\u00a0\u00bb _i=\u00a0\u00bb1&Prime; _address=\u00a0\u00bb0.1&Prime;][et_pb_column type=\u00a0\u00bb4_4&Prime; _builder_version=\u00a0\u00bb3.29.3&Prime; _i=\u00a0\u00bb0&Prime; _address=\u00a0\u00bb0.1.0&Prime;][et_pb_text _builder_version=\u00a0\u00bb3.29.3&Prime; _i=\u00a0\u00bb0&Prime; _address=\u00a0\u00bb0.1.0.0&Prime;]<\/p>\n<h3 style=\"text-align: center;\"><strong>BUT DE LA DESHUMIDIFICATION<\/strong><\/h3>\n<p>[\/et_pb_text][\/et_pb_column][\/et_pb_row][et_pb_row _builder_version=\u00a0\u00bb3.29.3&Prime; custom_padding=\u00a0\u00bb10px||7px|||\u00a0\u00bb _i=\u00a0\u00bb2&Prime; _address=\u00a0\u00bb0.2&Prime;][et_pb_column type=\u00a0\u00bb4_4&Prime; _builder_version=\u00a0\u00bb3.29.3&Prime; _i=\u00a0\u00bb0&Prime; _address=\u00a0\u00bb0.2.0&Prime;][et_pb_text _builder_version=\u00a0\u00bb3.29.3&Prime; _i=\u00a0\u00bb0&Prime; _address=\u00a0\u00bb0.2.0.0&Prime;]<\/p>\n<p style=\"text-align: center;\"><span style=\"color: #0c71c3;\"><strong>Le d\u00e9shumidificateur est un appareil permettant d\u2019enlever l\u2019exc\u00e8s d\u2019humidit\u00e9<\/strong><\/span><\/p>\n<p>[\/et_pb_text][\/et_pb_column][\/et_pb_row][et_pb_row _builder_version=\u00a0\u00bb3.29.3&Prime; min_height=\u00a0\u00bb140px\u00a0\u00bb custom_padding=\u00a0\u00bb28px||16px|||\u00a0\u00bb _i=\u00a0\u00bb3&Prime; _address=\u00a0\u00bb0.3&Prime;][et_pb_column type=\u00a0\u00bb4_4&Prime; _builder_version=\u00a0\u00bb3.29.3&Prime; _i=\u00a0\u00bb0&Prime; _address=\u00a0\u00bb0.3.0&Prime;][et_pb_image src=\u00a0\u00bbhttps:\/\/deshumidifications.com\/wp-content\/uploads\/2020\/11\/gota-.jpg\u00a0\u00bb align=\u00a0\u00bbcenter\u00a0\u00bb _builder_version=\u00a0\u00bb3.29.3&Prime; _i=\u00a0\u00bb0&Prime; _address=\u00a0\u00bb0.3.0.0&Prime;][\/et_pb_image][\/et_pb_column][\/et_pb_row][et_pb_row _builder_version=\u00a0\u00bb3.29.3&Prime; custom_padding=\u00a0\u00bb11px||34px|||\u00a0\u00bb _i=\u00a0\u00bb4&Prime; _address=\u00a0\u00bb0.4&Prime;][et_pb_column type=\u00a0\u00bb4_4&Prime; _builder_version=\u00a0\u00bb3.29.3&Prime; _i=\u00a0\u00bb0&Prime; _address=\u00a0\u00bb0.4.0&Prime;][et_pb_text _builder_version=\u00a0\u00bb3.29.3&Prime; _i=\u00a0\u00bb0&Prime; _address=\u00a0\u00bb0.4.0.0&Prime;]<\/p>\n<p style=\"text-align: justify;\"><strong>Les d\u00e9shumidificateurs fonctionnent sur le principe suivant :<\/strong><\/p>\n<p style=\"text-align: justify;\">L\u2019air humide est aspir\u00e9 par un ventilateur et dirig\u00e9 sur l\u2019\u00e9vaporateur o\u00f9 il est refroidi \u00e0 une temp\u00e9rature inf\u00e9rieure \u00e0 celle du point de ros\u00e9e. L\u2019humidit\u00e9 va se condenser sur l\u2019\u00e9vaporateur, puis l\u2019eau sera \u00e9vacu\u00e9e vers l\u2019ext\u00e9rieur. Ensuite, l\u2019air traverse le condensateur o\u00f9 il se r\u00e9chauffe et ressort \u00e0 la m\u00eame temp\u00e9rature \u00e0 laquelle il est entr\u00e9.<\/p>\n<p style=\"text-align: justify;\">Ces appareils sont con\u00e7us pour d\u00e9shumidifier \u00e0 une temp\u00e9rature variant de 5 \u00b0C \u00e0 40 \u00b0C, avec une humidit\u00e9 relative de 25 \u00e0 100%. On peut r\u00e9gler ces appareils \u00e0 l\u2019hygrom\u00e9trie voulue avec un dispositif de r\u00e9gulation. Le d\u00e9shumidificateur entrera en fonction quand l\u2019humidit\u00e9 d\u00e9passera le taux \u00e9tabli \u00e0 l\u2019avance et s\u2019arr\u00eatera automatiquement quand il atteindra le degr\u00e9 hygrom\u00e9trique d\u00e9sir\u00e9.<\/p>\n<p style=\"text-align: justify;\"><strong>Avantage pour l\u2019utilisateur :<\/strong><br \/>&#8211; Importante \u00e9conomie d\u2019\u00e9nergie comparativement aux proc\u00e9d\u00e9s de s\u00e9chage thermique.<br \/>&#8211; Large gamme de temp\u00e9ratures de fonctionnement.<br \/>&#8211; Peu de d\u00e9penses d\u2019installation et d\u2019entretien.<br \/>&#8211; Manoeuvre simple et haute s\u00e9curit\u00e9 de fonctionnement.<\/p>\n<p style=\"text-align: justify;\"><strong>DESCRIPTION<\/strong><br \/>Les d\u00e9shumidificateurs industriels de notre fabrication sont des d\u00e9shumidificateurs d\u2019air frigorifiques sp\u00e9cialement con\u00e7us pour s\u2019adapter aux diff\u00e9rents besoins des utilisateurs dans l\u2019industrie.<\/p>\n<p style=\"text-align: justify;\">Les d\u00e9shumidificateurs FRANCE DESHUMIDIFICATION existent en trois versions, soit pour une installation fixe avec soufflage en vrac (version V) ou gainable (version G), soit pour une installation mobile (version M). Dans la version G et M, les raccordements a\u00e9rauliques ou soufflage sont r\u00e9alis\u00e9s aux diam\u00e8tres normalis\u00e9s. Le r\u00e9frig\u00e9rant utilis\u00e9 (R407C) est sans danger pour l\u2019environnement.<br \/>Option possible : chauffage \u00e9lectrique d\u2019appoint.<\/p>\n<p style=\"text-align: justify;\"><strong>PRINCIPE DE FONCTIONNEMENT<\/strong><br \/>L\u2019air est d\u2019abord refroidi sur la surface froide de l\u2019\u00e9vaporateur du syst\u00e8me frigorifique \u00e0 une temp\u00e9rature \u00e9gale au point de ros\u00e9e correspondant au rapport de m\u00e9lange recherch\u00e9, ce qui permet la condensation du surplus de vapeur d\u2019eau. Cet air d\u00e9shumidifi\u00e9 est ensuite r\u00e9chauff\u00e9 pour \u00e9vacuer les calories du condenseur.<\/p>\n<p>[\/et_pb_text][\/et_pb_column][\/et_pb_row][et_pb_row _builder_version=\u00a0\u00bb3.29.3&Prime; custom_padding=\u00a0\u00bb0px||5px|||\u00a0\u00bb _i=\u00a0\u00bb5&Prime; _address=\u00a0\u00bb0.5&Prime;][et_pb_column type=\u00a0\u00bb4_4&Prime; _builder_version=\u00a0\u00bb3.29.3&Prime; _i=\u00a0\u00bb0&Prime; _address=\u00a0\u00bb0.5.0&Prime;][et_pb_text _builder_version=\u00a0\u00bb3.29.3&Prime; _i=\u00a0\u00bb0&Prime; _address=\u00a0\u00bb0.5.0.0&Prime; custom_margin=\u00a0\u00bb||12px|||\u00a0\u00bb]<\/p>\n<p><strong><span style=\"color: #0c71c3;\"><em>L\u2019AIR SEC EST UTILISE POUR :<\/em><\/span><br \/><\/strong><\/p>\n<p>[\/et_pb_text][et_pb_text _builder_version=\u00a0\u00bb3.29.3&Prime; _i=\u00a0\u00bb1&Prime; _address=\u00a0\u00bb0.5.0.1&Prime;]PRODUIRE<br \/>\nAUGMENTER LA PRODUCTION<br \/>\nSECHER A BASSE TEMPERATURE<br \/>\nAMELIORER LA QUALITE<br \/>\nSUPPRIMER LES CONDENSATIONS<br \/>\nEVITER LA CORROSION<br \/>\nPRESERVER LES PRODUITS STOCKES[\/et_pb_text][\/et_pb_column][\/et_pb_row][et_pb_row _builder_version=\u00a0\u00bb3.29.3&Prime; custom_padding=\u00a0\u00bb10px||33px|||\u00a0\u00bb _i=\u00a0\u00bb6&Prime; _address=\u00a0\u00bb0.6&Prime;][et_pb_column type=\u00a0\u00bb4_4&Prime; _builder_version=\u00a0\u00bb3.29.3&Prime; _i=\u00a0\u00bb0&Prime; _address=\u00a0\u00bb0.6.0&Prime;][et_pb_text _builder_version=\u00a0\u00bb3.29.3&Prime; _i=\u00a0\u00bb0&Prime; _address=\u00a0\u00bb0.6.0.0&Prime;]<\/p>\n<p><span style=\"color: #0c71c3;\"><strong>LES SIX GRANDS SECTEURS ECONOMIQUES UTILISANT LES DESHUMIDIFICATEURS D\u2019AIR<\/strong><\/span><\/p>\n<p>[\/et_pb_text][\/et_pb_column][\/et_pb_row][et_pb_row column_structure=\u00a0\u00bb1_2,1_2&Prime; _builder_version=\u00a0\u00bb3.29.3&Prime; custom_padding=\u00a0\u00bb3px||35px|||\u00a0\u00bb border_width_all=\u00a0\u00bb1px\u00a0\u00bb border_color_all=\u00a0\u00bb#0c71c3&Prime; _i=\u00a0\u00bb7&Prime; _address=\u00a0\u00bb0.7&Prime;][et_pb_column type=\u00a0\u00bb1_2&Prime; _builder_version=\u00a0\u00bb3.29.3&Prime; _i=\u00a0\u00bb0&Prime; _address=\u00a0\u00bb0.7.0&Prime;][et_pb_text _builder_version=\u00a0\u00bb3.29.3&Prime; custom_margin=\u00a0\u00bb18px||||false|false\u00a0\u00bb _i=\u00a0\u00bb0&Prime; _address=\u00a0\u00bb0.7.0.0&Prime;]<\/p>\n<p style=\"text-align: center;\"><strong>&#8211; AGRICULTURE \/ PECHE<\/strong><br \/><strong>&#8211; INDUSTRIES (PROCEDES DE FABRICATION)<\/strong><br \/><strong>&#8211; ENERGIES : ELECTRICITE \/ EAU<\/strong><\/p>\n<p>[\/et_pb_text][\/et_pb_column][et_pb_column type=\u00a0\u00bb1_2&Prime; _builder_version=\u00a0\u00bb3.29.3&Prime; _i=\u00a0\u00bb1&Prime; _address=\u00a0\u00bb0.7.1&Prime;][et_pb_text _builder_version=\u00a0\u00bb3.29.3&Prime; custom_margin=\u00a0\u00bb18px||||false|false\u00a0\u00bb _i=\u00a0\u00bb0&Prime; _address=\u00a0\u00bb0.7.1.0&Prime;]<\/p>\n<p style=\"text-align: center;\"><strong>&#8211; BATIMENTS \/ CONSTRUCTIONS<\/strong><br \/><strong>&#8211; ADMINISTRATIONS \/ MUNICIPALITES<\/strong><br \/><strong>&#8211; ARMEES : AIR \/ TERRE \/ MER<\/strong><\/p>\n<p>[\/et_pb_text][\/et_pb_column][\/et_pb_row][et_pb_row _builder_version=\u00a0\u00bb3.29.3&Prime; custom_margin=\u00a0\u00bb|auto|-17px|auto||\u00a0\u00bb custom_padding=\u00a0\u00bb23px||57px|||\u00a0\u00bb _i=\u00a0\u00bb8&Prime; _address=\u00a0\u00bb0.8&Prime;][et_pb_column type=\u00a0\u00bb4_4&Prime; _builder_version=\u00a0\u00bb3.29.3&Prime; _i=\u00a0\u00bb0&Prime; _address=\u00a0\u00bb0.8.0&Prime;][et_pb_text _builder_version=\u00a0\u00bb3.29.3&Prime; _i=\u00a0\u00bb0&Prime; _address=\u00a0\u00bb0.8.0.0&Prime;]<\/p>\n<p><strong>INDUSTRIE \/ PROCEDES DE FABRICATION<\/strong><\/p>\n<p><strong>AGRICULTURE \/ PECHE :<\/strong> Graines (s\u00e9chage et conservation), Luzerne (anti-moisissure et anti-condensation), bateaux de p\u00eache (timonerie, logement d\u2019\u00e9quipage).<\/p>\n<p><strong>INDUSTRIE AGRO-ALIMENTAIRES :<\/strong> saucissons, salamis, jambons (s\u00e9chage, moisissures, bact\u00e9ries, nouvelles normes<br \/>europ\u00e9ennes), fromage (anti-condensation), poudre de lait (tour d\u2019atomisation), sucre (silo, transport pneumatique), chocolat<br \/>(blanchiment), chewing-gum (enrobage), confiserie, levure, sel, g\u00e9latine, chicor\u00e9e, poudre de tomate (tunnel de s\u00e9chage), boisson (poudres), bi\u00e8res (isolation des cuves de fermentation).<\/p>\n<p><strong>TEXTILE :<\/strong> laine (stockage, cuir, fibres synth\u00e9tiques).<\/p>\n<p><strong>BOIS :<\/strong> meubles (stockage), li\u00e8ge (s\u00e9chage des bouchons, stockage), roseaux (anches).<\/p>\n<p><strong>INDUSTRIE CHIMIQUES :<\/strong> lessives, engrais, nylon, explosifs, Fibres synth\u00e9tiques, peintures (poudres, pigments), pneumatiques.<\/p>\n<p><strong>INDUSTRIE PLASTIQUES :<\/strong> stockage des moules, granul\u00e9s plastiques (s\u00e9chage du PET), machine \u00e0 injections (carottes du PET).<\/p>\n<p><strong>INDUSTRIE DU VERRE :<\/strong> verres sp\u00e9ciaux (fabrication, collage), optique, lentilles de vue.<\/p>\n<p><strong>INDUSTRIE METALLURGIQUES :<\/strong> aciers, lames de rasoir, machines outils, batteries automobiles, sablage.<\/p>\n<p><strong>INDUSTRIE ELECTRIQUES ET ELECTRONIQUES :<\/strong> baguettes de soudure, c\u00e2bles \u00e9lectriques (locaux de mesure),<br \/>ordinateurs, simulateurs, piles (lithium).<\/p>\n<p><strong>TRANSPORTS :<\/strong> containers, cargos (protection des moteurs r\u00e9ducteurs, timoneries), automobiles (stockage des pi\u00e8ces de carrosserie), camions, avions (stockage des r\u00e9acteurs).<\/p>\n<p><strong>ELECTRICITE :<\/strong> Centrales thermiques, (circuit vapeur, condenseurs, boites \u00e0 eau, chaudi\u00e8res, turbines, alternateurs), Centrales nucl\u00e9aires (circuit eau vapeur, condenseurs, turbines, alternateurs), Centrales hydrauliques (salles de pompe, locaux techniques).<\/p>\n<p><strong>EAU :<\/strong> stations de traitement d\u2019eau (anti-condensation), stations de pompage, stations d\u2019epuration.<\/p>\n<p><strong>BATIMENT \/ CONSTRUCTION :<\/strong> s\u00e9chage des pl\u00e2tres, d\u00e9gats des eaux, peinture, sablage.<\/p>\n<p>[\/et_pb_text][\/et_pb_column][\/et_pb_row][et_pb_row _builder_version=\u00a0\u00bb3.29.3&Prime; min_height=\u00a0\u00bb103px\u00a0\u00bb custom_padding=\u00a0\u00bb19px||0px|||\u00a0\u00bb border_width_all=\u00a0\u00bb1px\u00a0\u00bb border_color_all=\u00a0\u00bb#0c71c3&Prime; _i=\u00a0\u00bb9&Prime; _address=\u00a0\u00bb0.9&Prime;][et_pb_column type=\u00a0\u00bb4_4&Prime; _builder_version=\u00a0\u00bb3.29.3&Prime; _i=\u00a0\u00bb0&Prime; _address=\u00a0\u00bb0.9.0&Prime;][et_pb_text _builder_version=\u00a0\u00bb3.29.3&Prime; _i=\u00a0\u00bb0&Prime; _address=\u00a0\u00bb0.9.0.0&Prime;]<\/p>\n<p style=\"text-align: center;\"><strong>Les grands secteurs \u00e9conomiques utilisant les d\u00e9shumidificateurs d\u2019air<\/strong><\/p>\n<p>[\/et_pb_text][\/et_pb_column][\/et_pb_row][et_pb_row column_structure=\u00a0\u00bb1_3,1_3,1_3&Prime; _builder_version=\u00a0\u00bb3.29.3&Prime; custom_padding=\u00a0\u00bb26px||13px|||\u00a0\u00bb border_width_all=\u00a0\u00bb1px\u00a0\u00bb border_color_all=\u00a0\u00bb#0c71c3&Prime; _i=\u00a0\u00bb10&Prime; _address=\u00a0\u00bb0.10&Prime;][et_pb_column type=\u00a0\u00bb1_3&Prime; _builder_version=\u00a0\u00bb3.29.3&Prime; _i=\u00a0\u00bb0&Prime; _address=\u00a0\u00bb0.10.0&Prime;][et_pb_text _builder_version=\u00a0\u00bb3.29.3&Prime; custom_margin=\u00a0\u00bb|||17px|false|false\u00a0\u00bb custom_padding=\u00a0\u00bb0px||||false|false\u00a0\u00bb _i=\u00a0\u00bb0&Prime; _address=\u00a0\u00bb0.10.0.0&Prime;]<\/p>\n<p><strong>Agriculture<\/strong><br \/>P\u00eache<\/p>\n<p><strong>Industries :<\/strong> Proc\u00e8des de fabrication<\/p>\n<p><strong>Energies :<\/strong> Electricit\u00e9 \/ Eau<br \/>B\u00e2timents \/ Constructions<br \/>Administrations \/ Municipalit\u00e9s<br \/>Arm\u00e9es : Air \/ Terre \/ Mer<\/p>\n<p><strong>Agriculture \/ p\u00eache<\/strong><\/p>\n<p>Graines (s\u00e9chage et conservation)<br \/>Luzerne (anti-moisissure et anti-condensation)<br \/>Bateaux de p\u00eache (timonerie, longuement d&rsquo;\u00e9quipage)<\/p>\n<p><strong>Industries \/ proc\u00e8des de fabrication\/Industries agroalimentaires<\/strong><\/p>\n<p>Saucissons, salami, jambon (s\u00e9chage, anti-moisissures, anti-bact\u00e9ries, selon les nouvelles normes europ\u00e9ennes).<br \/>Fromage<br \/>Poudre de lait (tour d&rsquo;atomisation)<br \/>Sucre (silo, transport pneumatique)<br \/>Chocolat (blanchiment)<br \/>Chewing -gum (enrobage)<br \/>Confiserie<br \/>Levure <br \/>Sel<br \/>G\u00e9latine<br \/>Chicor\u00e9e (tour d&rsquo;atomisation, conditionnement)<br \/>Poudre de tomate (tunnel de s\u00e9chage)<br \/>Boisson (poudres)<br \/>Bi\u00e8res (isolation des cuves de fermentation)<br \/>Textile<br \/>Laine (stockage)<br \/>Cuir<br \/>Fibres synth\u00e9tiques<\/p>\n<p>[\/et_pb_text][\/et_pb_column][et_pb_column type=\u00a0\u00bb1_3&Prime; _builder_version=\u00a0\u00bb3.29.3&Prime; _i=\u00a0\u00bb1&Prime; _address=\u00a0\u00bb0.10.1&Prime;][et_pb_text _builder_version=\u00a0\u00bb3.29.3&Prime; _i=\u00a0\u00bb0&Prime; _address=\u00a0\u00bb0.10.1.0&Prime;]<\/p>\n<p><strong>Bois<\/strong><\/p>\n<p>Meubles (stockage)<br \/>Li\u00e8ge (s\u00e9chage des bouchons, stockage)<br \/>Roseaux (anches)<\/p>\n<p><strong>Industries Chimiques<\/strong><\/p>\n<p>Lessives<br \/>Engrais<br \/>Nylon<br \/>Explosifs<br \/>Films Photographiques (Tunnel de S\u00e9chage)<br \/>Fibres Synth\u00e9tiques (M\u00e9tiers \u00e0 Tisser)<br \/>Peintures (Poudres, Pigments)<br \/>Pneumatiques<\/p>\n<p><strong>Industries du Verre<\/strong><\/p>\n<p>Verres Sp\u00e9ciaux (Fabrication, Collage)<br \/>Optique<br \/>Lentilles de Vue<\/p>\n<p><strong>Industries pharmaceutiques<\/strong><\/p>\n<p>Comprimes effervescents (fabrication et conditionnement)<br \/>G\u00e9lules, pilules, drag\u00e9es<br \/>Bandes test<br \/>Chambres climatiques (laboratoire de recherche)<\/p>\n<p><strong>Industries m\u00e9tallurgiques<\/strong><\/p>\n<p>Aciers<br \/>Lames de rasoir<br \/>Machines-outils<br \/>Batteries automobiles<br \/>Sablage<\/p>\n<p>[\/et_pb_text][\/et_pb_column][et_pb_column type=\u00a0\u00bb1_3&Prime; _builder_version=\u00a0\u00bb3.29.3&Prime; _i=\u00a0\u00bb2&Prime; _address=\u00a0\u00bb0.10.2&Prime;][et_pb_text _builder_version=\u00a0\u00bb3.29.3&Prime; _i=\u00a0\u00bb0&Prime; _address=\u00a0\u00bb0.10.2.0&Prime;]<\/p>\n<p><strong>Industries \u00e9lectriques et \u00e9lectroniques<\/strong><\/p>\n<p>Baguettes de soudure<br \/>C\u00e2bles \u00e9lectriques (locaux de mesure)<br \/>Ordinateurs (test)<br \/>Simulateurs<br \/>Piles (lithium)<\/p>\n<p><strong>Transports<\/strong><\/p>\n<p>Containers<br \/>Cargos (protection des moteurs r\u00e9ducteurs, timoneries)<br \/>Automobiles (stockage des pi\u00e8ces de carrosserie)<br \/>Camions<br \/>Avions (stockage des r\u00e9acteurs)<\/p>\n<p><strong>Eau<\/strong><\/p>\n<p>Stations de traitement d&rsquo;eau (anti-condensation)<br \/>Stations de pompage<br \/>Stations d&rsquo;\u00e9puration<\/p>\n<p><strong>B\u00e2timent \/ construction<\/strong><\/p>\n<p>S\u00e9chage des pl\u00e2tres<br \/>D\u00e9g\u00e2ts des eaux<br \/>Peinture, sablage<\/p>\n<p><strong>Administration \/ municipalit\u00e9s<\/strong><\/p>\n<p>Archives<br \/>Patinoires<br \/>Piscines<br \/>Tennis couverts<br \/>Mus\u00e9es<br \/>Gymnases<br \/>Locaux non-chauffes<br \/>Monuments historiques<br \/>Patrimoine foncier<\/p>\n<p>[\/et_pb_text][\/et_pb_column][\/et_pb_row][\/et_pb_section]<\/p>\n","protected":false},"excerpt":{"rendered":"<p>[et_pb_section fb_built=\u00a0\u00bb1&Prime; _builder_version=\u00a0\u00bb3.29.3&Prime; custom_padding=\u00a0\u00bb54px|||||\u00a0\u00bb fb_built=\u00a0\u00bb1&Prime; _i=\u00a0\u00bb0&Prime; _address=\u00a0\u00bb0&Prime;][et_pb_row _builder_version=\u00a0\u00bb3.29.3&Prime; background_color=\u00a0\u00bbrgba(0,0,0,0)\u00a0\u00bb min_height=\u00a0\u00bb82px\u00a0\u00bb custom_padding=\u00a0\u00bb1px||36px|||\u00a0\u00bb _i=\u00a0\u00bb0&Prime; _address=\u00a0\u00bb0.0&Prime;][et_pb_column type=\u00a0\u00bb4_4&Prime; _builder_version=\u00a0\u00bb3.29.3&Prime; _i=\u00a0\u00bb0&Prime; _address=\u00a0\u00bb0.0.0&Prime;][et_pb_text _builder_version=\u00a0\u00bb3.29.3&Prime; _i=\u00a0\u00bb0&Prime; _address=\u00a0\u00bb0.0.0.0&Prime;] Notre savoir faire r\u00e9sultant d&rsquo;une longue exp\u00e9rience dans la fabrication, nos moyens techniques nous permettent d&rsquo;offrir \u00e0 nos clients une gamme de produits et de services de haut niveau, aux meilleures conditions de rapport qualit\u00e9 [&hellip;]<\/p>\n","protected":false},"author":1,"featured_media":0,"parent":0,"menu_order":0,"comment_status":"closed","ping_status":"closed","template":"","meta":{"_et_pb_use_builder":"on","_et_pb_old_content":"","footnotes":""},"_links":{"self":[{"href":"https:\/\/deshumidifications.com\/index.php\/wp-json\/wp\/v2\/pages\/34"}],"collection":[{"href":"https:\/\/deshumidifications.com\/index.php\/wp-json\/wp\/v2\/pages"}],"about":[{"href":"https:\/\/deshumidifications.com\/index.php\/wp-json\/wp\/v2\/types\/page"}],"author":[{"embeddable":true,"href":"https:\/\/deshumidifications.com\/index.php\/wp-json\/wp\/v2\/users\/1"}],"replies":[{"embeddable":true,"href":"https:\/\/deshumidifications.com\/index.php\/wp-json\/wp\/v2\/comments?post=34"}],"version-history":[{"count":15,"href":"https:\/\/deshumidifications.com\/index.php\/wp-json\/wp\/v2\/pages\/34\/revisions"}],"predecessor-version":[{"id":845,"href":"https:\/\/deshumidifications.com\/index.php\/wp-json\/wp\/v2\/pages\/34\/revisions\/845"}],"wp:attachment":[{"href":"https:\/\/deshumidifications.com\/index.php\/wp-json\/wp\/v2\/media?parent=34"}],"curies":[{"name":"wp","href":"https:\/\/api.w.org\/{rel}","templated":true}]}}